{"id":9989,"date":"2019-08-28T13:37:56","date_gmt":"2019-08-28T16:37:56","guid":{"rendered":"https:\/\/oleestudio.com.br\/avisala\/?page_id=9989"},"modified":"2019-08-28T13:48:04","modified_gmt":"2019-08-28T16:48:04","slug":"programas-4","status":"publish","type":"page","link":"https:\/\/avisala.org.br\/index.php\/programas-4\/","title":{"rendered":"Metodologia"},"content":{"rendered":"<div id=\"pl-gb9989-69e32da77aa4d\"  class=\"panel-layout\" ><div id=\"pg-gb9989-69e32da77aa4d-0\"  class=\"panel-grid panel-no-style\" ><div id=\"pgc-gb9989-69e32da77aa4d-0-0\"  class=\"panel-grid-cell\" ><div id=\"panel-gb9989-69e32da77aa4d-0-0-0\" class=\"so-panel widget widget_text panel-first-child panel-last-child\" data-index=\"0\" >\t\t\t<div class=\"textwidget\"><p>Nossos programas, projetos e cursos est\u00e3o alinhados a BNCC e partem dos problemas reais enfrentados pelos profissionais, valorizam sua experi\u00eancia, garantem a participa\u00e7\u00e3o e uma atitude investigativa como base para novas aprendizagens.<\/p>\n<p>A forma\u00e7\u00e3o continuada e em servi\u00e7o envolve as equipes das secretarias de educa\u00e7\u00e3o, diretores, coordenadores pedag\u00f3gicos, educadores das escolas (professores e pessoal de apoio) criando uma rede de responsabilidade pelo atendimento das crian\u00e7as.<\/p>\n<p>Desenvolvemos uma metodologia de forma\u00e7\u00e3o continuada pr\u00f3pria, publicada no livro Bem-Vindo Mundo: crian\u00e7a, cultura e forma\u00e7\u00e3o de educadores, da Editora Peir\u00f3polis.<\/p>\n<p>Atuamos, ao longo dos anos, em mais de 200 munic\u00edpios de todas as regi\u00f5es do Brasil, em a\u00e7\u00f5es presenciais aliadas a uma plataforma de educa\u00e7\u00e3o a dist\u00e2ncia, que visa garantir a qualidade da nossa metodologia, dando escala aos projetos e cursos, al\u00e9m de criar redes de trocas de conhecimentos e pr\u00e1ticas entre diferentes munic\u00edpios.<\/p>\n<p>Nossos objetivos encontraram eco em muitos parceiros que, ao longo dos anos, contribu\u00edram para dar forma e for\u00e7a a uma metodologia que se reinventa a cada desafio.<\/p>\n<p>Os princ\u00edpios que viabilizam nossos projetos de forma\u00e7\u00e3o em redes p\u00fablicas s\u00e3o:<\/p>\n<div id=\"accordions-9117\" class=\"accordions-9117 accordions\" data-accordions={&quot;lazyLoad&quot;:true,&quot;id&quot;:&quot;9117&quot;,&quot;event&quot;:&quot;click&quot;,&quot;collapsible&quot;:&quot;true&quot;,&quot;heightStyle&quot;:&quot;content&quot;,&quot;animateStyle&quot;:&quot;swing&quot;,&quot;animateDelay&quot;:1000,&quot;navigation&quot;:true,&quot;active&quot;:999,&quot;expandedOther&quot;:&quot;no&quot;}>\r\n                <div id=\"accordions-lazy-9117\" class=\"accordions-lazy\" accordionsId=\"9117\">\r\n                    <\/div>\r\n\r\n    <div class=\"items\"  style=\"display:none\" >\r\n    \r\n            <div post_id=\"9117\" itemcount=\"0\"  header_id=\"header-1565807949832\" id=\"header-1565807949832\" style=\"\" class=\"accordions-head head1565807949832 border-none\" toggle-text=\"\" main-text=\"Estabelecimento de parceria\">\r\n                                    <span id=\"accordion-icons-1565807949832\" class=\"accordion-icons\">\r\n                        <span class=\"accordion-icon-active accordion-plus\"><i class=\"fa fas fa-chevron-down\"><\/i><\/span>\r\n                        <span class=\"accordion-icon-inactive accordion-minus\"><i class=\"fa fas fa-chevron-up\"><\/i><\/span>\r\n                    <\/span>\r\n                    <span id=\"header-text-1565807949832\" class=\"accordions-head-title\">Estabelecimento de parceria<\/span>\r\n                            <\/div>\r\n            <div class=\"accordion-content content1565807949832 \">\r\n                <p><span style=\"font-weight: 400;\">O Instituto atua em redes p\u00fablicas por meio de parcerias simult\u00e2neas que viabilizam esse tipo de a\u00e7\u00e3o. De um lado, as empresas que, por meio de seus institutos e funda\u00e7\u00f5es, apoiam financeiramente os projetos, contribuem com seu olhar diferenciado no desenvolvimento e avalia\u00e7\u00e3o das a\u00e7\u00f5es e, por outro, as Secretarias de Educa\u00e7\u00e3o que abrem suas portas e se engajam nos projetos de forma\u00e7\u00e3o continuada. <\/span><span style=\"font-weight: 400;\"><br \/>\n<\/span><span style=\"font-weight: 400;\">Com o tempo as pr\u00f3prias Secretarias passaram a buscar recursos, sejam internos, ou junto \u00e0s empresas locais para participarem de nossos programas. <\/span><\/p>\n            <\/div>\r\n    \r\n            <div post_id=\"9117\" itemcount=\"1\"  header_id=\"header-1565807959322\" id=\"header-1565807959322\" style=\"\" class=\"accordions-head head1565807959322 border-none\" toggle-text=\"\" main-text=\"Fortalecimento das a\u00e7\u00f5es locais\">\r\n                                    <span id=\"accordion-icons-1565807959322\" class=\"accordion-icons\">\r\n                        <span class=\"accordion-icon-active accordion-plus\"><i class=\"fa fas fa-chevron-down\"><\/i><\/span>\r\n                        <span class=\"accordion-icon-inactive accordion-minus\"><i class=\"fa fas fa-chevron-up\"><\/i><\/span>\r\n                    <\/span>\r\n                    <span id=\"header-text-1565807959322\" class=\"accordions-head-title\">Fortalecimento das a\u00e7\u00f5es locais<\/span>\r\n                            <\/div>\r\n            <div class=\"accordion-content content1565807959322 \">\r\n                <p><span style=\"font-weight: 400;\">Apoio aos formadores locais como base para incentivar mudan\u00e7as em duas frentes: na pr\u00e1tica educativa, fornecendo subs\u00eddios te\u00f3ricos e metodol\u00f3gicos para reorganizar a\u00e7\u00f5es com o envolvimento das escolas; na din\u00e2mica de forma\u00e7\u00e3o que permite a continuidade do trabalho depois de finalizada a participa\u00e7\u00e3o do instituto, constituindo-se em uma rede de responsabilidades pela forma\u00e7\u00e3o continuada. <\/span><\/p>\n            <\/div>\r\n    \r\n            <div post_id=\"9117\" itemcount=\"2\"  header_id=\"header-1565808085090\" id=\"header-1565808085090\" style=\"\" class=\"accordions-head head1565808085090 border-none\" toggle-text=\"\" main-text=\"Garantir extens\u00e3o e profundidade\">\r\n                                    <span id=\"accordion-icons-1565808085090\" class=\"accordion-icons\">\r\n                        <span class=\"accordion-icon-active accordion-plus\"><i class=\"fa fas fa-chevron-down\"><\/i><\/span>\r\n                        <span class=\"accordion-icon-inactive accordion-minus\"><i class=\"fa fas fa-chevron-up\"><\/i><\/span>\r\n                    <\/span>\r\n                    <span id=\"header-text-1565808085090\" class=\"accordions-head-title\">Garantir extens\u00e3o e profundidade<\/span>\r\n                            <\/div>\r\n            <div class=\"accordion-content content1565808085090 \">\r\n                <p><span style=\"font-weight: 400;\">A a\u00e7\u00e3o em rede envolve as tr\u00eas inst\u00e2ncias respons\u00e1veis pelo atendimento das crian\u00e7as: equipes da Secretaria de Educa\u00e7\u00e3o, diretores e coordenadores pedag\u00f3gicos das escolas, educadores e profissionais de apoio. Esta estrat\u00e9gia vem comprovando sua efic\u00e1cia principalmente para que a forma\u00e7\u00e3o mantenha o foco e possa avaliar melhor as aprendizagens de todos os envolvidos, crian\u00e7as e adultos. <\/span><\/p>\n            <\/div>\r\n    \r\n            <div post_id=\"9117\" itemcount=\"3\"  header_id=\"header-1565808111210\" id=\"header-1565808111210\" style=\"\" class=\"accordions-head head1565808111210 border-none\" toggle-text=\"\" main-text=\"Garantir escala aos programas\">\r\n                                    <span id=\"accordion-icons-1565808111210\" class=\"accordion-icons\">\r\n                        <span class=\"accordion-icon-active accordion-plus\"><i class=\"fa fas fa-chevron-down\"><\/i><\/span>\r\n                        <span class=\"accordion-icon-inactive accordion-minus\"><i class=\"fa fas fa-chevron-up\"><\/i><\/span>\r\n                    <\/span>\r\n                    <span id=\"header-text-1565808111210\" class=\"accordions-head-title\">Garantir escala aos programas<\/span>\r\n                            <\/div>\r\n            <div class=\"accordion-content content1565808111210 \">\r\n                <p><span style=\"font-weight: 400;\">A abordagem h\u00edbrida garante a forma\u00e7\u00e3o que a forma\u00e7\u00e3o continuada se realize nos diferentes munic\u00edpios brasileiros. A partir de uma plataforma de ead desenvolvida especificamente para nossos programas e cursos, \u00e9 poss\u00edvel garantir a escala e ao mesmo tempo a qualidade nos processos de forma\u00e7\u00e3o.<\/span><\/p>\n            <\/div>\r\n    <\/div>\r\n\r\n\r\n\r\n            <\/div>\n<\/div>\n\t\t<\/div><\/div><\/div><\/div>\n\n\n<p><\/p>\n","protected":false},"excerpt":{"rendered":"<p>Nossos programas, projetos e cursos est\u00e3o alinhados a BNCC e partem dos problemas reais enfrentados pelos profissionais, valorizam sua experi\u00eancia, garantem a participa\u00e7\u00e3o e uma atitude investigativa como base para novas aprendizagens. A forma\u00e7\u00e3o continuada e em servi\u00e7o envolve as equipes das secretarias de educa\u00e7\u00e3o, diretores, coordenadores pedag\u00f3gicos, educadores das escolas (professores e pessoal de [&hellip;]<\/p>\n","protected":false},"author":224,"featured_media":0,"parent":0,"menu_order":0,"comment_status":"closed","ping_status":"closed","template":"templates\/template-full.php","meta":{"footnotes":""},"class_list":["post-9989","page","type-page","status-publish","hentry","post"],"_links":{"self":[{"href":"https:\/\/avisala.org.br\/index.php\/wp-json\/wp\/v2\/pages\/9989","targetHints":{"allow":["GET"]}}],"collection":[{"href":"https:\/\/avisala.org.br\/index.php\/wp-json\/wp\/v2\/pages"}],"about":[{"href":"https:\/\/avisala.org.br\/index.php\/wp-json\/wp\/v2\/types\/page"}],"author":[{"embeddable":true,"href":"https:\/\/avisala.org.br\/index.php\/wp-json\/wp\/v2\/users\/224"}],"replies":[{"embeddable":true,"href":"https:\/\/avisala.org.br\/index.php\/wp-json\/wp\/v2\/comments?post=9989"}],"version-history":[{"count":0,"href":"https:\/\/avisala.org.br\/index.php\/wp-json\/wp\/v2\/pages\/9989\/revisions"}],"wp:attachment":[{"href":"https:\/\/avisala.org.br\/index.php\/wp-json\/wp\/v2\/media?parent=9989"}],"curies":[{"name":"wp","href":"https:\/\/api.w.org\/{rel}","templated":true}]}}