{"id":9721,"date":"2019-08-25T00:23:02","date_gmt":"2019-08-25T03:23:02","guid":{"rendered":"https:\/\/oleestudio.com.br\/avisala\/?page_id=9721"},"modified":"2023-11-10T09:34:27","modified_gmt":"2023-11-10T12:34:27","slug":"case-local-2-formacao-sta-cruz-2","status":"publish","type":"page","link":"https:\/\/avisala.org.br\/index.php\/parceiros\/case-local-2-formacao-sta-cruz-2\/","title":{"rendered":"Case Local 2 &#8211; Forma\u00e7\u00e3o Continuada dos profissionais da Rede Municipal de Educa\u00e7\u00e3o Infantil &#8211; Santa Cruz do Rio Pardo"},"content":{"rendered":"<p><a href=\"https:\/\/avisala.org.br\/wp-content\/uploads\/2019\/08\/STACRUZ2.jpg\"><img loading=\"lazy\" decoding=\"async\" class=\"size-full wp-image-9760 alignright\" src=\"https:\/\/avisala.org.br\/wp-content\/uploads\/2019\/08\/STACRUZ2.jpg\" alt=\"\" width=\"253\" height=\"142\"><\/a><a href=\"https:\/\/avisala.org.br\/wp-content\/uploads\/2019\/08\/STACRUZ1.jpg\"><img loading=\"lazy\" decoding=\"async\" class=\"size-medium wp-image-9761 alignright\" src=\"https:\/\/avisala.org.br\/wp-content\/uploads\/2019\/08\/STACRUZ1.jpg\" alt=\"\" width=\"214\" height=\"143\"><\/a>Com o apoio da empresa local <strong>SPECIAL DOG<\/strong>, firmou-se uma parceria entre a Secretaria Municipal e o Instituto Avisa L\u00e1 para o desenvolvimento da forma\u00e7\u00e3o de profissionais, com o objetivo de contribuir para a melhoria da qualidade da Educa\u00e7\u00e3o Infantil oferecida pela Rede Municipal de Ensino de Sta. Cruz do Rio Pardo.<\/p>\n<p>Esse processo propiciou uma reflex\u00e3o conjunta das compet\u00eancias b\u00e1sicas do gestor e da equipe de dire\u00e7\u00e3o como agentes de um projeto educacional de qualidade nas Unidades de Educa\u00e7\u00e3o Infantil. Nos encontros de forma\u00e7\u00e3o mensais com diferentes profissionais foi poss\u00edvel viabilizar discuss\u00f5es em grupos, an\u00e1lise e tematiza\u00e7\u00e3o de atividades institucionais filmadas em v\u00eddeo, inclusive da pr\u00f3pria rede municipal.<\/p>\n<p>A avalia\u00e7\u00e3o das participantes revela que a forma\u00e7\u00e3o enriqueceu suas experi\u00eancias e conhecimentos. Os aspectos mais valorizados para os profissionais de 4 e 5 anos foram: o planejamento de situa\u00e7\u00f5es de leitura e escrita inseridas em um projeto did\u00e1tico e a amplia\u00e7\u00e3o de seu universo cultural. Os aspectos mais valorizados pelas profissionais de 0 e 3 anos foram: o brincar como eixo de trabalho no curr\u00edculo, os cantos diversificados, al\u00e9m de aprenderem a explorar os espa\u00e7os f\u00edsicos da creche.<\/p>\n<p>Os primeiros anos do Ensino Fundamental desenvolveram o Projeto Mem\u00f3ria Local, uma &nbsp;parceria entre o Avisa L\u00e1 e o Museu da Pessoa, que visa a preserva\u00e7\u00e3o da mem\u00f3ria das comunidades locais, envolvendo alunos e professores no registro das hist\u00f3rias dos moradores.<\/p>\n<p>A forma\u00e7\u00e3o contribuiu para que educadores, alunos e comunidade se reconhessem como coautores da hist\u00f3ria local.<\/p>\n\n<div\n\t\t\t\n\t\t\tclass=\"so-widget-sow-post-carousel so-widget-sow-post-carousel-base-ad93eedad001\"\n\t\t\t\n\t\t><\/div>\n\n<div\n\t\t\t\n\t\t\tclass=\"so-widget-sow-post-carousel so-widget-sow-post-carousel-base-ad93eedad001\"\n\t\t\t\n\t\t><\/div>","protected":false},"excerpt":{"rendered":"<p>Com o apoio da empresa local SPECIAL DOG, firmou-se uma parceria entre a Secretaria Municipal e o Instituto Avisa L\u00e1 para o desenvolvimento da forma\u00e7\u00e3o de profissionais, com o objetivo de contribuir para a melhoria da qualidade da Educa\u00e7\u00e3o Infantil oferecida pela Rede Municipal de Ensino de Sta. Cruz do Rio Pardo. Esse processo propiciou [&hellip;]<\/p>\n","protected":false},"author":224,"featured_media":9760,"parent":1350,"menu_order":0,"comment_status":"closed","ping_status":"closed","template":"","meta":{"footnotes":""},"class_list":["post-9721","page","type-page","status-publish","has-post-thumbnail","hentry","post","post-with-thumbnail","post-with-thumbnail-large"],"_links":{"self":[{"href":"https:\/\/avisala.org.br\/index.php\/wp-json\/wp\/v2\/pages\/9721","targetHints":{"allow":["GET"]}}],"collection":[{"href":"https:\/\/avisala.org.br\/index.php\/wp-json\/wp\/v2\/pages"}],"about":[{"href":"https:\/\/avisala.org.br\/index.php\/wp-json\/wp\/v2\/types\/page"}],"author":[{"embeddable":true,"href":"https:\/\/avisala.org.br\/index.php\/wp-json\/wp\/v2\/users\/224"}],"replies":[{"embeddable":true,"href":"https:\/\/avisala.org.br\/index.php\/wp-json\/wp\/v2\/comments?post=9721"}],"version-history":[{"count":1,"href":"https:\/\/avisala.org.br\/index.php\/wp-json\/wp\/v2\/pages\/9721\/revisions"}],"predecessor-version":[{"id":16174,"href":"https:\/\/avisala.org.br\/index.php\/wp-json\/wp\/v2\/pages\/9721\/revisions\/16174"}],"up":[{"embeddable":true,"href":"https:\/\/avisala.org.br\/index.php\/wp-json\/wp\/v2\/pages\/1350"}],"wp:featuredmedia":[{"embeddable":true,"href":"https:\/\/avisala.org.br\/index.php\/wp-json\/wp\/v2\/media\/9760"}],"wp:attachment":[{"href":"https:\/\/avisala.org.br\/index.php\/wp-json\/wp\/v2\/media?parent=9721"}],"curies":[{"name":"wp","href":"https:\/\/api.w.org\/{rel}","templated":true}]}}