{"id":9711,"date":"2019-08-25T00:12:07","date_gmt":"2019-08-25T03:12:07","guid":{"rendered":"https:\/\/oleestudio.com.br\/avisala\/?page_id=9711"},"modified":"2023-11-10T09:32:44","modified_gmt":"2023-11-10T12:32:44","slug":"case-1-programa-de-educacao-infantil-santander","status":"publish","type":"page","link":"https:\/\/avisala.org.br\/index.php\/parceiros\/case-1-programa-de-educacao-infantil-santander\/","title":{"rendered":"Case 1 &#8211; Programa de Educa\u00e7\u00e3o Infantil Santander"},"content":{"rendered":"<p><a href=\"https:\/\/avisala.org.br\/wp-content\/uploads\/2019\/08\/PEI1.jpg\"><img loading=\"lazy\" decoding=\"async\" class=\"size-full wp-image-9735 alignleft\" src=\"https:\/\/avisala.org.br\/wp-content\/uploads\/2019\/08\/PEI1.jpg\" alt=\"\" width=\"126\" height=\"51\"><\/a><a href=\"https:\/\/avisala.org.br\/wp-content\/uploads\/2019\/08\/PEI3.jpg\"><img loading=\"lazy\" decoding=\"async\" class=\"size-full wp-image-9738 alignright\" src=\"https:\/\/avisala.org.br\/wp-content\/uploads\/2019\/08\/PEI3.jpg\" alt=\"\" width=\"258\" height=\"188\"><\/a>O Programa Educa\u00e7\u00e3o Infantil foi desenvolvido pelo Instituto Avisa L\u00e1, em parceria com o Banco Santander, em coopera\u00e7\u00e3o com o Minist\u00e9rio da Educa\u00e7\u00e3o (MEC), no per\u00edodo de 2011 a 2017.<\/p>\n<p>O programa desenvolveu uma metodologia de forma\u00e7\u00e3o continuada voltada ao fortalecimento das pol\u00edticas p\u00fablicas de Educa\u00e7\u00e3o Infantil por meio da qualifica\u00e7\u00e3o t\u00e9cnico-pedag\u00f3gica do atendimento oferecido \u00e0s crian\u00e7as de 0 a 5 anos em creches e pr\u00e9-escolas.<\/p>\n<p>A Avalia\u00e7\u00e3o Externa do Programa foi realizada pela MOVE \u2013 Avalia\u00e7\u00e3o e Estrat\u00e9gia em Desenvolvimento Social, em parceria com a Coordena\u00e7\u00e3o de Educa\u00e7\u00e3o Infantil da SEB do MEC, que destacou o impacto positivo do programa no desenvolvimento profissional das formadoras locais, com papel significativo na multiplica\u00e7\u00e3o de saberes para diretoras, coordenadoras pedag\u00f3gicas e professoras; o fortalecimento das pr\u00e1ticas de forma\u00e7\u00e3o continuada nos munic\u00edpios e marcas importantes no cotidiano das escolas.<\/p>\n<p><a href=\"https:\/\/avisala.org.br\/wp-content\/uploads\/2019\/08\/PEI2.jpg\"><img loading=\"lazy\" decoding=\"async\" class=\"size-full wp-image-9737 alignleft\" src=\"https:\/\/avisala.org.br\/wp-content\/uploads\/2019\/08\/PEI2.jpg\" alt=\"\" width=\"116\" height=\"164\"><\/a><a href=\"https:\/\/avisala.org.br\/wp-content\/uploads\/2019\/08\/PEI4.jpg\"><img loading=\"lazy\" decoding=\"async\" class=\"size-full wp-image-9739 alignright\" src=\"https:\/\/avisala.org.br\/wp-content\/uploads\/2019\/08\/PEI4.jpg\" alt=\"\" width=\"279\" height=\"177\"><\/a><a href=\"https:\/\/avisala.org.br\/wp-content\/uploads\/2019\/08\/PEI5.jpg\"><img loading=\"lazy\" decoding=\"async\" class=\"size-full wp-image-9740 alignright\" src=\"https:\/\/avisala.org.br\/wp-content\/uploads\/2019\/08\/PEI5.jpg\" alt=\"\" width=\"277\" height=\"156\"><\/a>A sistematiza\u00e7\u00e3o desse processo resultou na publica\u00e7\u00e3o virtual de dois Guias: \u201cBrincar, pensar e expressar-se\u201d e \u201cCuidados, sa\u00fade e bem estar\u201d, com o intuito de contribuir para que mais crian\u00e7as tenham garantido seu direito a uma educa\u00e7\u00e3o de qualidade nesta fase crucial de seu desenvolvimento, a primeira inf\u00e2ncia.<\/p>\n\n<div\n\t\t\t\n\t\t\tclass=\"so-widget-sow-post-carousel so-widget-sow-post-carousel-base-ad93eedad001\"\n\t\t\t\n\t\t><\/div>\n\n\n<p><\/p>\n","protected":false},"excerpt":{"rendered":"<p>O Programa Educa\u00e7\u00e3o Infantil foi desenvolvido pelo Instituto Avisa L\u00e1, em parceria com o Banco Santander, em coopera\u00e7\u00e3o com o Minist\u00e9rio da Educa\u00e7\u00e3o (MEC), no per\u00edodo de 2011 a 2017. O programa desenvolveu uma metodologia de forma\u00e7\u00e3o continuada voltada ao fortalecimento das pol\u00edticas p\u00fablicas de Educa\u00e7\u00e3o Infantil por meio da qualifica\u00e7\u00e3o t\u00e9cnico-pedag\u00f3gica do atendimento oferecido [&hellip;]<\/p>\n","protected":false},"author":224,"featured_media":9696,"parent":1350,"menu_order":0,"comment_status":"closed","ping_status":"closed","template":"","meta":{"footnotes":""},"class_list":["post-9711","page","type-page","status-publish","has-post-thumbnail","hentry","post","post-with-thumbnail","post-with-thumbnail-large"],"_links":{"self":[{"href":"https:\/\/avisala.org.br\/index.php\/wp-json\/wp\/v2\/pages\/9711","targetHints":{"allow":["GET"]}}],"collection":[{"href":"https:\/\/avisala.org.br\/index.php\/wp-json\/wp\/v2\/pages"}],"about":[{"href":"https:\/\/avisala.org.br\/index.php\/wp-json\/wp\/v2\/types\/page"}],"author":[{"embeddable":true,"href":"https:\/\/avisala.org.br\/index.php\/wp-json\/wp\/v2\/users\/224"}],"replies":[{"embeddable":true,"href":"https:\/\/avisala.org.br\/index.php\/wp-json\/wp\/v2\/comments?post=9711"}],"version-history":[{"count":1,"href":"https:\/\/avisala.org.br\/index.php\/wp-json\/wp\/v2\/pages\/9711\/revisions"}],"predecessor-version":[{"id":16171,"href":"https:\/\/avisala.org.br\/index.php\/wp-json\/wp\/v2\/pages\/9711\/revisions\/16171"}],"up":[{"embeddable":true,"href":"https:\/\/avisala.org.br\/index.php\/wp-json\/wp\/v2\/pages\/1350"}],"wp:featuredmedia":[{"embeddable":true,"href":"https:\/\/avisala.org.br\/index.php\/wp-json\/wp\/v2\/media\/9696"}],"wp:attachment":[{"href":"https:\/\/avisala.org.br\/index.php\/wp-json\/wp\/v2\/media?parent=9711"}],"curies":[{"name":"wp","href":"https:\/\/api.w.org\/{rel}","templated":true}]}}