{"id":9302,"date":"2019-08-21T10:54:31","date_gmt":"2019-08-21T13:54:31","guid":{"rendered":"https:\/\/oleestudio.com.br\/avisala\/?page_id=9302"},"modified":"2022-09-11T09:19:01","modified_gmt":"2022-09-11T12:19:01","slug":"fazemos-parte","status":"publish","type":"page","link":"https:\/\/avisala.org.br\/index.php\/fazemos-parte\/","title":{"rendered":"Fazemos parte"},"content":{"rendered":"<div id=\"pl-9302\"  class=\"panel-layout\" ><div id=\"pg-9302-0\"  class=\"panel-grid panel-no-style\" ><div id=\"pgc-9302-0-0\"  class=\"panel-grid-cell\" ><div id=\"panel-9302-0-0-0\" class=\"so-panel widget widget_sow-editor panel-first-child panel-last-child\" data-index=\"0\" ><div\n\t\t\t\n\t\t\tclass=\"so-widget-sow-editor so-widget-sow-editor-base\"\n\t\t\t\n\t\t>\n<div class=\"siteorigin-widget-tinymce textwidget\">\n\t<p>Apoiamos a formula\u00e7\u00e3o e implementa\u00e7\u00e3o de pol\u00edticas p\u00fablicas que resultem numa educa\u00e7\u00e3o de maior qualidade.<\/p>\n<p>Participamos em a\u00e7\u00f5es, movimentos na cidade e\/ou no pa\u00eds que se dedicam \u00e0 melhoria e defesa da educa\u00e7\u00e3o p\u00fablica de qualidade.<\/p>\n<\/div>\n<\/div><\/div><\/div><\/div><div id=\"pg-9302-1\"  class=\"panel-grid panel-no-style\" ><div id=\"pgc-9302-1-0\"  class=\"panel-grid-cell\" ><div id=\"panel-9302-1-0-0\" class=\"so-panel widget widget_sow-image panel-first-child panel-last-child\" data-index=\"1\" ><div\n\t\t\t\n\t\t\tclass=\"so-widget-sow-image so-widget-sow-image-default-49681edeb466-9302\"\n\t\t\t\n\t\t>\n<div class=\"sow-image-container\">\n\t\t\t<a href=\"http:\/\/primeirainfancia.org.br\/\"\n\t\t\ttarget=\"_blank\" rel=\"noopener noreferrer\" \t\t>\n\t\t\t<img \n\tsrc=\"https:\/\/avisala.org.br\/wp-content\/uploads\/2019\/08\/logo-rnpi-2.png\" width=\"150\" height=\"150\" sizes=\"(max-width: 150px) 100vw, 150px\" title=\"Rede Nacional Primeira Inf\u00e2ncia \" alt=\"\" \t\tclass=\"so-widget-image\"\/>\n\t\t\t<\/a><\/div>\n\n<h3 class=\"widget-title\">Rede Nacional Primeira Inf\u00e2ncia <\/h3><\/div><\/div><\/div><div id=\"pgc-9302-1-1\"  class=\"panel-grid-cell\" ><div id=\"panel-9302-1-1-0\" class=\"so-panel widget widget_sow-image panel-first-child panel-last-child\" data-index=\"2\" ><div\n\t\t\t\n\t\t\tclass=\"so-widget-sow-image so-widget-sow-image-default-49681edeb466-9302\"\n\t\t\t\n\t\t>\n<div class=\"sow-image-container\">\n\t\t\t<a href=\"https:\/\/www.nossasaopaulo.org.br\/\"\n\t\t\ttarget=\"_blank\" rel=\"noopener noreferrer\" \t\t>\n\t\t\t<img \n\tsrc=\"https:\/\/avisala.org.br\/wp-content\/uploads\/2019\/08\/RNSP-2.png\" width=\"150\" height=\"150\" sizes=\"(max-width: 150px) 100vw, 150px\" title=\"Rede Nossa S\u00e3o Paulo \u2013 GT de Educa\u00e7\u00e3o\" alt=\"\" \t\tclass=\"so-widget-image\"\/>\n\t\t\t<\/a><\/div>\n\n<h3 class=\"widget-title\">Rede Nossa S\u00e3o Paulo \u2013 GT de Educa\u00e7\u00e3o<\/h3><\/div><\/div><\/div><div id=\"pgc-9302-1-2\"  class=\"panel-grid-cell\" ><div id=\"panel-9302-1-2-0\" class=\"so-panel widget widget_sow-image panel-first-child panel-last-child\" data-index=\"3\" ><div\n\t\t\t\n\t\t\tclass=\"so-widget-sow-image so-widget-sow-image-default-49681edeb466-9302\"\n\t\t\t\n\t\t>\n<div class=\"sow-image-container\">\n\t\t\t<a href=\"https:\/\/www.todospelaeducacao.org.br\/\"\n\t\t\ttarget=\"_blank\" rel=\"noopener noreferrer\" \t\t>\n\t\t\t<img \n\tsrc=\"https:\/\/avisala.org.br\/wp-content\/uploads\/2019\/08\/Logo-TPE-2.png\" width=\"150\" height=\"150\" sizes=\"(max-width: 150px) 100vw, 150px\" title=\"Todos pela Educa\u00e7\u00e3o\" alt=\"\" \t\tclass=\"so-widget-image\"\/>\n\t\t\t<\/a><\/div>\n\n<h3 class=\"widget-title\">Todos pela Educa\u00e7\u00e3o<\/h3><\/div><\/div><\/div><div id=\"pgc-9302-1-3\"  class=\"panel-grid-cell\" ><div id=\"panel-9302-1-3-0\" class=\"so-panel widget widget_sow-image panel-first-child panel-last-child\" data-index=\"4\" ><div\n\t\t\t\n\t\t\tclass=\"so-widget-sow-image so-widget-sow-image-default-49681edeb466-9302\"\n\t\t\t\n\t\t>\n<div class=\"sow-image-container\">\n\t\t\t<a href=\"https:\/\/movimentopelabase.org.br\/\"\n\t\t\ttarget=\"_blank\" rel=\"noopener noreferrer\" \t\t>\n\t\t\t<img \n\tsrc=\"https:\/\/avisala.org.br\/wp-content\/uploads\/2022\/09\/Capturar.jpg\" width=\"403\" height=\"340\" srcset=\"https:\/\/avisala.org.br\/wp-content\/uploads\/2022\/09\/Capturar.jpg 403w, https:\/\/avisala.org.br\/wp-content\/uploads\/2022\/09\/Capturar-300x253.jpg 300w\" sizes=\"(max-width: 403px) 100vw, 403px\" title=\"Movimento pela Base Nacional Comum\" alt=\"\" \t\tclass=\"so-widget-image\"\/>\n\t\t\t<\/a><\/div>\n\n<h3 class=\"widget-title\">Movimento pela Base Nacional Comum<\/h3><\/div><\/div><\/div><div id=\"pgc-9302-1-4\"  class=\"panel-grid-cell\" ><div id=\"panel-9302-1-4-0\" class=\"so-panel widget widget_sow-image panel-first-child panel-last-child\" data-index=\"5\" ><div\n\t\t\t\n\t\t\tclass=\"so-widget-sow-image so-widget-sow-image-default-49681edeb466-9302\"\n\t\t\t\n\t\t>\n<div class=\"sow-image-container\">\n\t\t\t<a href=\"https:\/\/redeleqt.org.br\/\"\n\t\t\ttarget=\"_blank\" rel=\"noopener noreferrer\" \t\t>\n\t\t\t<img \n\tsrc=\"https:\/\/avisala.org.br\/wp-content\/uploads\/2020\/11\/Novo-Projeto.png\" width=\"150\" height=\"150\" sizes=\"(max-width: 150px) 100vw, 150px\" title=\"Rede LEQT \u2013 Leitura e Escrita de Qualidade para Todos\" alt=\"\" \t\tclass=\"so-widget-image\"\/>\n\t\t\t<\/a><\/div>\n\n<h3 class=\"widget-title\">Rede LEQT \u2013 Leitura e Escrita de Qualidade para Todos<\/h3><\/div><\/div><\/div><div id=\"pgc-9302-1-5\"  class=\"panel-grid-cell\" ><div id=\"panel-9302-1-5-0\" class=\"so-panel widget widget_sow-image panel-first-child panel-last-child\" data-index=\"6\" ><div\n\t\t\t\n\t\t\tclass=\"so-widget-sow-image so-widget-sow-image-default-8b5b6f678277-9302\"\n\t\t\t\n\t\t>\n<div class=\"sow-image-container\">\n\t\t\t<a href=\"http:\/\/www.abed.org.br\/site\/pt\/\"\n\t\t\ttarget=\"_blank\" rel=\"noopener noreferrer\" \t\t>\n\t\t\t<img \n\tsrc=\"https:\/\/avisala.org.br\/wp-content\/uploads\/2019\/12\/logo_ABED_somos_associados.jpg\" width=\"420\" height=\"425\" srcset=\"https:\/\/avisala.org.br\/wp-content\/uploads\/2019\/12\/logo_ABED_somos_associados.jpg 420w, https:\/\/avisala.org.br\/wp-content\/uploads\/2019\/12\/logo_ABED_somos_associados-296x300.jpg 296w\" sizes=\"(max-width: 420px) 100vw, 420px\" title=\"Associa\u00e7\u00e3o Brasileira de Ensino a Dist\u00e2ncia\" alt=\"\" \t\tclass=\"so-widget-image\"\/>\n\t\t\t<\/a><\/div>\n\n<h3 class=\"widget-title\">Associa\u00e7\u00e3o Brasileira de Ensino a Dist\u00e2ncia<\/h3><\/div><\/div><\/div><div id=\"pgc-9302-1-6\"  class=\"panel-grid-cell\" ><div id=\"panel-9302-1-6-0\" class=\"so-panel widget widget_sow-image panel-first-child panel-last-child\" data-index=\"7\" ><div\n\t\t\t\n\t\t\tclass=\"so-widget-sow-image so-widget-sow-image-default-8b5b6f678277-9302\"\n\t\t\t\n\t\t>\n<div class=\"sow-image-container\">\n\t\t\t<a href=\"https:\/\/agenda227.org.br\/\"\n\t\t\ttarget=\"_blank\" rel=\"noopener noreferrer\" \t\t>\n\t\t\t<img \n\tsrc=\"https:\/\/avisala.org.br\/wp-content\/uploads\/2022\/08\/baixados-2.jpg\" width=\"180\" height=\"180\" srcset=\"https:\/\/avisala.org.br\/wp-content\/uploads\/2022\/08\/baixados-2.jpg 180w, https:\/\/avisala.org.br\/wp-content\/uploads\/2022\/08\/baixados-2-150x150.jpg 150w\" sizes=\"(max-width: 180px) 100vw, 180px\" title=\"Agenda 227\" alt=\"\" \t\tclass=\"so-widget-image\"\/>\n\t\t\t<\/a><\/div>\n\n<h3 class=\"widget-title\">Agenda 227<\/h3><\/div><\/div><\/div><\/div><\/div>","protected":false},"excerpt":{"rendered":"<p>Apoiamos a formula\u00e7\u00e3o e implementa\u00e7\u00e3o de pol\u00edticas p\u00fablicas que resultem numa educa\u00e7\u00e3o de maior qualidade.Participamos em a\u00e7\u00f5es, movimentos na cidade e\/ou no pa\u00eds que se dedicam \u00e0 melhoria e defesa da educa\u00e7\u00e3o p\u00fablica de qualidade.<\/p>\n","protected":false},"author":224,"featured_media":0,"parent":0,"menu_order":0,"comment_status":"closed","ping_status":"closed","template":"templates\/template-full.php","meta":{"footnotes":""},"class_list":["post-9302","page","type-page","status-publish","hentry","post"],"_links":{"self":[{"href":"https:\/\/avisala.org.br\/index.php\/wp-json\/wp\/v2\/pages\/9302","targetHints":{"allow":["GET"]}}],"collection":[{"href":"https:\/\/avisala.org.br\/index.php\/wp-json\/wp\/v2\/pages"}],"about":[{"href":"https:\/\/avisala.org.br\/index.php\/wp-json\/wp\/v2\/types\/page"}],"author":[{"embeddable":true,"href":"https:\/\/avisala.org.br\/index.php\/wp-json\/wp\/v2\/users\/224"}],"replies":[{"embeddable":true,"href":"https:\/\/avisala.org.br\/index.php\/wp-json\/wp\/v2\/comments?post=9302"}],"version-history":[{"count":0,"href":"https:\/\/avisala.org.br\/index.php\/wp-json\/wp\/v2\/pages\/9302\/revisions"}],"wp:attachment":[{"href":"https:\/\/avisala.org.br\/index.php\/wp-json\/wp\/v2\/media?parent=9302"}],"curies":[{"name":"wp","href":"https:\/\/api.w.org\/{rel}","templated":true}]}}