{"id":8874,"date":"2018-06-15T16:22:17","date_gmt":"2018-06-15T19:22:17","guid":{"rendered":"http:\/\/avisala.org.br\/?page_id=8874"},"modified":"2018-06-19T18:14:00","modified_gmt":"2018-06-19T21:14:00","slug":"doe","status":"publish","type":"page","link":"https:\/\/avisala.org.br\/index.php\/doe\/","title":{"rendered":"Contribua com o Instituto Avisa L\u00e1"},"content":{"rendered":"<h3>Nossa causa \u00e9 a Educa\u00e7\u00e3o!<\/h3>\n<p>Desenvolvemos programas de forma\u00e7\u00e3o continuada de educadores da Educa\u00e7\u00e3o Infantil e dos primeiros anos do Ensino Fundamental em todo o pa\u00eds.<\/p>\n<p>Ao longo de 32 anos, por meio de uma forma\u00e7\u00e3o eficaz, que transforma a qualidade da a\u00e7\u00e3o educativa, temos tornado realidade a cren\u00e7a de que toda crian\u00e7a pode aprender e o sonho de ver todo o potencial das crian\u00e7as florescer.<\/p>\n<table style=\"height: 338px;\" border=\"0\" width=\"658\" cellspacing=\"20\" cellpadding=\"20\" align=\"center\">\n<tbody>\n<tr>\n<td width=\"41%\"><!-- INICIO FORMULARIO BOTAO PAGSEGURO --><\/p>\n<form action=\"https:\/\/pagseguro.uol.com.br\/checkout\/v2\/donation.html\" method=\"post\"><!-- N\u00c3O EDITE OS COMANDOS DAS LINHAS ABAIXO --><br \/>\n<input name=\"currency\" type=\"hidden\" value=\"BRL\" \/><br \/>\n<input name=\"receiverEmail\" type=\"hidden\" value=\"loja@avisala.org.br\" \/><br \/>\n<input name=\"iot\" type=\"hidden\" value=\"button\" \/><br \/>\n<input alt=\"Pague com PagSeguro - \u00e9 r\u00e1pido, gr\u00e1tis e seguro!\" name=\"submit\" src=\"https:\/\/stc.pagseguro.uol.com.br\/public\/img\/botoes\/doacoes\/205x30-doar-laranja.gif\" type=\"image\" \/><\/form>\n<p><!-- FINAL FORMULARIO BOTAO PAGSEGURO --><\/td>\n<td valign=\"bottom\" width=\"59%\"><strong>Voc\u00ea ou sua empresa podem investir em nossos projetos e, assim, contribuir para qualificar a pr\u00e1tica pedag\u00f3gica das redes p\u00fablicas de ensino de EI e EF nas diferentes regi\u00f5es do Brasil.<\/strong><\/p>\n<p><strong>Junte-se a n\u00f3s!<\/strong><\/p>\n<p><em><strong>A doa\u00e7\u00e3o \u00e9 pontual, ficando a cargo do doador contribuir com frequ\u00eancia.<\/strong><\/em><\/td>\n<\/tr>\n<\/tbody>\n<\/table>\n","protected":false},"excerpt":{"rendered":"<p>Nossa causa \u00e9 a Educa\u00e7\u00e3o! Desenvolvemos programas de forma\u00e7\u00e3o continuada de educadores da Educa\u00e7\u00e3o Infantil e dos primeiros anos do Ensino Fundamental em todo o pa\u00eds. Ao longo de 32 anos, por meio de uma forma\u00e7\u00e3o eficaz, que transforma a qualidade da a\u00e7\u00e3o educativa, temos tornado realidade a cren\u00e7a de que toda crian\u00e7a pode aprender [&hellip;]<\/p>\n","protected":false},"author":1,"featured_media":0,"parent":0,"menu_order":0,"comment_status":"closed","ping_status":"closed","template":"","meta":{"footnotes":""},"class_list":["post-8874","page","type-page","status-publish","hentry","post"],"_links":{"self":[{"href":"https:\/\/avisala.org.br\/index.php\/wp-json\/wp\/v2\/pages\/8874","targetHints":{"allow":["GET"]}}],"collection":[{"href":"https:\/\/avisala.org.br\/index.php\/wp-json\/wp\/v2\/pages"}],"about":[{"href":"https:\/\/avisala.org.br\/index.php\/wp-json\/wp\/v2\/types\/page"}],"author":[{"embeddable":true,"href":"https:\/\/avisala.org.br\/index.php\/wp-json\/wp\/v2\/users\/1"}],"replies":[{"embeddable":true,"href":"https:\/\/avisala.org.br\/index.php\/wp-json\/wp\/v2\/comments?post=8874"}],"version-history":[{"count":0,"href":"https:\/\/avisala.org.br\/index.php\/wp-json\/wp\/v2\/pages\/8874\/revisions"}],"wp:attachment":[{"href":"https:\/\/avisala.org.br\/index.php\/wp-json\/wp\/v2\/media?parent=8874"}],"curies":[{"name":"wp","href":"https:\/\/api.w.org\/{rel}","templated":true}]}}