{"id":6423,"date":"2013-05-03T12:01:05","date_gmt":"2013-05-03T15:01:05","guid":{"rendered":"http:\/\/avisala1.tempsite.ws\/portal\/?page_id=6423"},"modified":"2023-11-10T08:18:55","modified_gmt":"2023-11-10T11:18:55","slug":"revista-disponivel-apenas-pela-loja-do-avisa-la","status":"publish","type":"page","link":"https:\/\/avisala.org.br\/index.php\/revista-disponivel-apenas-pela-loja-do-avisa-la\/","title":{"rendered":"Revista dispon\u00edvel apenas pela loja do Avisa l\u00e1"},"content":{"rendered":"<p><strong>A revista que selecionou est\u00e1 a venda apenas pela loja virtual do Instituto Avisa L\u00e1 pelo site:\u00a0http:\/\/loja.avisala.org.br\/<\/strong><\/p>\n<p>Obrigado<\/p>\n<p>&nbsp;<\/p>\n","protected":false},"excerpt":{"rendered":"<p>A revista que selecionou est\u00e1 a venda apenas pela loja virtual do Instituto Avisa L\u00e1 pelo site:\u00a0http:\/\/loja.avisala.org.br\/ Obrigado &nbsp;<\/p>\n","protected":false},"author":1,"featured_media":0,"parent":0,"menu_order":0,"comment_status":"open","ping_status":"open","template":"","meta":{"footnotes":""},"class_list":["post-6423","page","type-page","status-publish","hentry","post"],"_links":{"self":[{"href":"https:\/\/avisala.org.br\/index.php\/wp-json\/wp\/v2\/pages\/6423","targetHints":{"allow":["GET"]}}],"collection":[{"href":"https:\/\/avisala.org.br\/index.php\/wp-json\/wp\/v2\/pages"}],"about":[{"href":"https:\/\/avisala.org.br\/index.php\/wp-json\/wp\/v2\/types\/page"}],"author":[{"embeddable":true,"href":"https:\/\/avisala.org.br\/index.php\/wp-json\/wp\/v2\/users\/1"}],"replies":[{"embeddable":true,"href":"https:\/\/avisala.org.br\/index.php\/wp-json\/wp\/v2\/comments?post=6423"}],"version-history":[{"count":1,"href":"https:\/\/avisala.org.br\/index.php\/wp-json\/wp\/v2\/pages\/6423\/revisions"}],"predecessor-version":[{"id":16105,"href":"https:\/\/avisala.org.br\/index.php\/wp-json\/wp\/v2\/pages\/6423\/revisions\/16105"}],"wp:attachment":[{"href":"https:\/\/avisala.org.br\/index.php\/wp-json\/wp\/v2\/media?parent=6423"}],"curies":[{"name":"wp","href":"https:\/\/api.w.org\/{rel}","templated":true}]}}