{"id":2,"date":"2012-06-04T12:36:49","date_gmt":"2012-06-04T12:36:49","guid":{"rendered":"http:\/\/avisala1.tempsite.ws\/portal\/?page_id=2"},"modified":"2026-02-27T05:52:30","modified_gmt":"2026-02-27T08:52:30","slug":"sobre-nos","status":"publish","type":"page","link":"https:\/\/avisala.org.br\/index.php\/sobre-nos\/","title":{"rendered":"Sobre n\u00f3s"},"content":{"rendered":"<div id=\"pl-gb2-69e32d0b93165\"  class=\"panel-layout wp-block-siteorigin-panels-layout-block\" ><div id=\"pg-gb2-69e32d0b93165-0\"  class=\"panel-grid panel-no-style\" ><div id=\"pgc-gb2-69e32d0b93165-0-0\"  class=\"panel-grid-cell\" ><div id=\"panel-gb2-69e32d0b93165-0-0-0\" class=\"so-panel widget widget_text panel-first-child panel-last-child\" data-index=\"0\" ><h3 class=\"widget-title\">Hist\u00f3ria<\/h3>\t\t\t<div class=\"textwidget\"><p><span style=\"font-weight: 400;\">Originalmente denominado \u201cCrecheplan\u201d (1986), o Instituto Avisa L\u00e1, foi criado a partir do sonho de garantir o direito a uma educa\u00e7\u00e3o de qualidade para as crian\u00e7as brasileiras.\u00a0<\/span><\/p>\n<p><span style=\"font-weight: 400;\">A metodologia de forma\u00e7\u00e3o continuada do Avisa L\u00e1 come\u00e7ou a se constituir em 1994 com apoio do Instituto C&amp;A de Desenvolvimento Social, por meio do projeto \u201cCapacitar Educadores\u201d, desenvolvido em entidades sociais na cidade de S\u00e3o Paulo e de Osasco. <\/span><span style=\"font-weight: 400;\"><br \/>\n<\/span><span style=\"font-weight: 400;\">Parte do material foi publicado no livro <\/span><b><i>Por um triz<\/i><\/b><span style=\"font-weight: 400;\"> e na revista<\/span> <b><i>Avisa l\u00e1<\/i><\/b><span style=\"font-weight: 400;\"> ou editado em v\u00eddeos para forma\u00e7\u00e3o. Foi um grande aprendizado para a equipe, que buscou, cada vez mais, a coer\u00eancia entre o modelo de ensino e aprendizagem preconizado para as crian\u00e7as e o modelo da forma\u00e7\u00e3o. Foi assim que constru\u00edmos, na pr\u00e1tica, nossa metodologia.<\/span><\/p>\n<p><span style=\"font-weight: 400;\">O projeto acabou tornando-se um programa em nossa institui\u00e7\u00e3o e foi sistematizado no livro <\/span><b><i>Bem-vindo Mundo<\/i><\/b><span style=\"font-weight: 400;\">: crian\u00e7a, cultura e forma\u00e7\u00e3o de educadores, da Editora Peir\u00f3polis.<\/span><\/p>\n<\/div>\n\t\t<\/div><\/div><div id=\"pgc-gb2-69e32d0b93165-0-1\"  class=\"panel-grid-cell\" ><div id=\"panel-gb2-69e32d0b93165-0-1-0\" class=\"so-panel widget widget_sow-image panel-first-child panel-last-child\" data-index=\"1\" ><div\n\t\t\t\n\t\t\tclass=\"so-widget-sow-image so-widget-sow-image-default-8b5b6f678277-2\"\n\t\t\t\n\t\t>\n<div class=\"sow-image-container\">\n\t\t<img \n\tsrc=\"https:\/\/avisala.org.br\/wp-content\/uploads\/2019\/08\/publis.png\" width=\"540\" height=\"416\" srcset=\"https:\/\/avisala.org.br\/wp-content\/uploads\/2019\/08\/publis.png 540w, https:\/\/avisala.org.br\/wp-content\/uploads\/2019\/08\/publis-300x231.png 300w\" sizes=\"(max-width: 540px) 100vw, 540px\" alt=\"\" \t\tclass=\"so-widget-image\"\/>\n\t<\/div>\n\n<\/div><\/div><\/div><\/div><div id=\"pg-gb2-69e32d0b93165-1\"  class=\"panel-grid panel-no-style\" ><div id=\"pgc-gb2-69e32d0b93165-1-0\"  class=\"panel-grid-cell\" ><div id=\"panel-gb2-69e32d0b93165-1-0-0\" class=\"widget_text so-panel widget widget_custom_html panel-first-child panel-last-child\" data-index=\"2\" ><div class=\"textwidget custom-html-widget\"><iframe loading=\"lazy\" src=\"https:\/\/player.vimeo.com\/video\/357380860\" width=\"960\" height=\"540\" frameborder=\"0\" allow=\"autoplay; fullscreen\" allowfullscreen><\/iframe><\/div><\/div><\/div><\/div><div id=\"pg-gb2-69e32d0b93165-2\"  class=\"panel-grid panel-no-style\" ><div id=\"pgc-gb2-69e32d0b93165-2-0\"  class=\"panel-grid-cell\" ><div id=\"panel-gb2-69e32d0b93165-2-0-0\" class=\"so-panel widget widget_text panel-first-child panel-last-child\" data-index=\"3\" ><h3 class=\"widget-title\">Quem Somos<\/h3>\t\t\t<div class=\"textwidget\"><p><span style=\"font-weight: 400;\">O Instituto Avisa L\u00e1<\/span><span style=\"font-weight: 400;\"> \u00e9 uma organiza\u00e7\u00e3o da sociedade civil, sem fins lucrativos. Desde 1986 vem contribuindo para qualificar a pr\u00e1tica educativa nos centros de Educa\u00e7\u00e3o Infantil, creches e pr\u00e9-escolas p\u00fablicas. Junto \u00e0s redes de Ensino Fundamental desenvolve a\u00e7\u00f5es de forma\u00e7\u00e3o para profissionais de educa\u00e7\u00e3o visando a compet\u00eancia da leitura, escrita e matem\u00e1tica dos alunos nos anos iniciais.<\/span><\/p>\n<p><b>O que fazemos<\/b><b><br \/>\n<\/b><span style=\"font-weight: 400;\">Forma\u00e7\u00e3o profissional continuada atrelada aos contextos de trabalho (presencial e a dist\u00e2ncia).<\/span><\/p>\n<ul>\n<li style=\"font-weight: 400;\"><span style=\"font-weight: 400;\">Elabora\u00e7\u00e3o e desenvolvimento de projetos de forma\u00e7\u00e3o de professores, gestores e coordenadores pedag\u00f3gicos.<\/span><\/li>\n<li style=\"font-weight: 400;\"><span style=\"font-weight: 400;\">Forma\u00e7\u00e3o de equipes para o acompanhamento da \u00e1rea de sa\u00fade e bem-estar das institui\u00e7\u00f5es de educa\u00e7\u00e3o.<\/span><\/li>\n<li style=\"font-weight: 400;\"><span style=\"font-weight: 400;\">Projetos de integra\u00e7\u00e3o entre Arte e Educa\u00e7\u00e3o e amplia\u00e7\u00e3o cultural de profissionais da Educa\u00e7\u00e3o.<\/span><\/li>\n<li style=\"font-weight: 400;\"><span style=\"font-weight: 400;\">Consultoria para equipes t\u00e9cnicas de Secretarias de Educa\u00e7\u00e3o<\/span><\/li>\n<li style=\"font-weight: 400;\"><span style=\"font-weight: 400;\">Cursos online de curta dura\u00e7\u00e3o para diversos profissionais da Educa\u00e7\u00e3o Infantil e dos anos iniciais do Ensino Fundamental.\u00a0 (individuais ou em grupos)<\/span><\/li>\n<\/ul>\n<\/div>\n\t\t<\/div><\/div><div id=\"pgc-gb2-69e32d0b93165-2-1\"  class=\"panel-grid-cell\" ><div id=\"panel-gb2-69e32d0b93165-2-1-0\" class=\"so-panel widget widget_text panel-first-child panel-last-child\" data-index=\"4\" ><h3 class=\"widget-title\">Miss\u00e3o<\/h3>\t\t\t<div class=\"textwidget\"><p><span style=\"font-weight: 400;\">Melhorar a qualidade da educa\u00e7\u00e3o p\u00fablica por meio do\u00a0<\/span><span style=\"font-weight: 400;\">fortalecimento t\u00e9cnico dos profissionais de educa\u00e7\u00e3o.<\/span><\/p>\n<\/div>\n\t\t<\/div><\/div><div id=\"pgc-gb2-69e32d0b93165-2-2\"  class=\"panel-grid-cell\" ><div id=\"panel-gb2-69e32d0b93165-2-2-0\" class=\"so-panel widget widget_text panel-first-child panel-last-child\" data-index=\"5\" ><h3 class=\"widget-title\">Valores<\/h3>\t\t\t<div class=\"textwidget\"><ul>\n<li style=\"font-weight: 400;\"><span style=\"font-weight: 400;\">Todos s\u00e3o capazes de aprender e se desenvolver.<\/span><\/li>\n<li style=\"font-weight: 400;\"><span style=\"font-weight: 400;\">Compromisso com a escola p\u00fablica de qualidade para todos.<\/span><\/li>\n<li style=\"font-weight: 400;\"><span style=\"font-weight: 400;\">Equidade na educa\u00e7\u00e3o para combater as desigualdades<\/span><\/li>\n<\/ul>\n<\/div>\n\t\t<\/div><\/div><\/div><div id=\"pg-gb2-69e32d0b93165-3\"  class=\"panel-grid panel-has-style\" ><div id=\"linha-do-tempo\" class=\"panel-row-style panel-row-style-for-gb2-69e32d0b93165-3\" ><div id=\"pgc-gb2-69e32d0b93165-3-0\"  class=\"panel-grid-cell\" ><\/div><\/div><\/div><div id=\"pg-gb2-69e32d0b93165-4\"  class=\"panel-grid panel-has-style\" ><div id=\"linha-do-tempo-mobile\" class=\"panel-row-style panel-row-style-for-gb2-69e32d0b93165-4\" ><div id=\"pgc-gb2-69e32d0b93165-4-0\"  class=\"panel-grid-cell\" ><div id=\"panel-gb2-69e32d0b93165-4-0-0\" class=\"so-panel widget widget_text panel-first-child panel-last-child\" data-index=\"7\" ><h3 class=\"widget-title\">Linha do Tempo<\/h3>\t\t\t<div class=\"textwidget\"><h2 style=\"color: #ed145a; padding: 0 30px 0 30px;\">D\u00e9cada de 80<br \/>\nFunda\u00e7\u00e3o: Agosto de 1986 &#8211; apoio Ashoka<\/h2>\n<p><strong>Cursos isolados, consultorias, grupo de estudo (inspira\u00e7\u00e3o Escola da Vila)<\/strong><\/p>\n<p><strong>1\u00ba Treinamento + Consultoria<\/strong> constru\u00e7\u00e3o \u2013 Tapirai-CNDM-BNDES<\/p>\n<p><strong>1\u00aa Publica\u00e7\u00e3o<\/strong> \u2013 Creche Urgente CNDM<\/p>\n<p><strong>1\u00ba v\u00eddeo<\/strong> \u2013 A crian\u00e7a na creche do Jaguar\u00e9<\/p>\n<p><strong>Consultoria Nutri\u00e7\u00e3o<\/strong> \u2013 CEPAM<\/p>\n<p><strong>Treinamento<\/strong> \u2013 Creches do estado \u2013 Secretaria do Menor<\/p>\n<p><strong>Advocacy<\/strong> \u2013 MEC- FUNDA\u00c7\u00c3O CARLOS CHAGAS &#8211; Constitui\u00e7\u00e3o 1988<\/p>\n<h2 style=\"color: #ed145a; padding: 0 30px 0 30px;\">D\u00e9cada 90<br \/>\nConstru\u00e7\u00e3o da metodologia de forma\u00e7\u00e3o continuada<\/h2>\n<p><strong>Refer\u00eancias <\/strong>\u2013 Corsi, Maranh\u00e3o,Carvalho,Nalini, Augusto, Klisys,Ortiz,Gastaldi, Malta, Rosemberg, Deheinzelin, Iavelberg, Ferreiro,Weisz, Scarpa, Lerner, Castedo<\/p>\n<p><strong>CAPACITAR 1<\/strong> \u2013 Parceria C&amp;A<\/p>\n<p><strong>CAPACITAR 2, 3, 4, 5, 6, 7, 8, 9, 10<\/strong><\/p>\n<p><strong>CAPACITAR EXTENS\u00c3O<\/strong> \u2013 TUTORIA<\/p>\n<p><strong>CAPACITAR REGIONALIZADO<\/strong> \u2013 RECIFE- RIO<\/p>\n<p><strong>PEI \u2013 SAFRA \u2013 ABRINQ<\/strong><\/p>\n<p><strong>SEMIN\u00c1RIOS de SOCIALIZA\u00c7\u00c3O + ARTES<\/strong><\/p>\n<p><strong>VIDEOS<\/strong><\/p>\n<p><strong>PUBLICA\u00c7\u00d5ES<\/strong><\/p>\n<ul>\n<li>Por um Triz<\/li>\n<li>REVISTA Avisa L\u00e1<\/li>\n<\/ul>\n<p><strong>AVALIA\u00c7\u00c3O-EXTERNA<\/strong><\/p>\n<p><strong>Adavocacy<\/strong> \u2013 RCNEI \u2013 MEC \/ FUNDA\u00c7\u00c3O CARLOS CHAGAS \/ FUNDA\u00c7\u00c3O ABRINQ<\/p>\n<h2 style=\"color: #ed145a; padding: 0 30px 0 30px;\">2000 a 2009<br \/>\nDesafios tecnol\u00f3gicos \u2013 Expans\u00e3o para outros munic\u00edpios<\/h2>\n<p><strong>Mudan\u00e7a do nome para Instituto Avisa L\u00e1-Forma\u00e7\u00e3o Continuada de Educadores<\/strong><\/p>\n<p><strong>PROJETO KIDSMART<\/strong> \u2013 reformulado pelo IAL acr\u00e9scimo Learning Village<\/p>\n<p><strong>In\u00edcio da forma\u00e7\u00e3o a dist\u00e2ncia<\/strong><\/p>\n<p><strong>AL\u00c9M DASLETRAS-AVINA-IRS<\/strong><\/p>\n<p><strong>AL\u00c9M DOS N\u00daMEROS<\/strong><\/p>\n<p><strong>FORMAR EM REDE<\/strong><\/p>\n<p><strong>PROJETO MEMORIA LOCAL-MUSEU DA PESSOA<\/strong><\/p>\n<p><strong>CAPACITAR REGIONALIZADO \u2013RECIFE-RIO-CURITIBA<\/strong><\/p>\n<p><strong>AVALIA\u00c7\u00c3O EXTERNA<\/strong><\/p>\n<p><strong>CURSOS a DIST\u00c2NCIA<\/strong><\/p>\n<p><strong>Publica\u00e7\u00f5es<\/strong><\/p>\n<ul>\n<li>Biblioteca Ativa<\/li>\n<li>Rir e Educar<\/li>\n<li>Revista Avisa l\u00e1<\/li>\n<li>BEM VINDO MUNDO!<\/li>\n<\/ul>\n<p><strong>Pr\u00eamios e participa\u00e7\u00f5es<\/strong><\/p>\n<ul>\n<li>Pr\u00eamio CRIAN\u00c7A-FUNDA\u00c7\u00c3O ABRINQ<\/li>\n<li>Premio Ita\u00fa\u2013UNICEF<\/li>\n<li>Guia de Tecnologia do MEC \u2013 projetos Al\u00e9m das Letras e Formar em Rede<\/li>\n<\/ul>\n<p><strong>Advocacy<\/strong> &#8211; INDIQUE EDUCA\u00c7\u00c3O INFANTIL<\/p>\n<h2 style=\"color: #ed145a; padding: 0 30px 0 30px;\">2010 a 2019<br \/>\nNovos desafios- Forma\u00e7\u00e3o e produ\u00e7\u00e3o de material<\/h2>\n<p><strong>Crescer Lendo<\/strong><\/p>\n<p><strong>Formar DELP &#8211; Did\u00e1tica Espec\u00edfica do L\u00edngua Portuguesa<\/strong><\/p>\n<p><strong>Conex\u00f5es \u2013 a Po\u00e9tica da crian\u00e7a de 0 a 3 anos e a arte contempor\u00e2nea<\/strong><\/p>\n<p><strong>Melhoria da Educa\u00e7\u00e3o<\/strong><\/p>\n<p><strong>Projeto Comer e brincar na escola serve para qu\u00ea?<\/strong><\/p>\n<p><strong>Formar em Rede +<\/strong><\/p>\n<p><strong>PEI- Programa de Educa\u00e7\u00e3o Infantil<\/strong><\/p>\n<p><strong>Avalia\u00e7\u00e3o Externa<\/strong><\/p>\n<p><strong>Publica\u00e7\u00f5es<\/strong><\/p>\n<ul>\n<li>Educar para a Igualdade Racial-CEERT MEC<\/li>\n<li>Diretrizes em a\u00e7\u00e3o-MEC-UNICEF<\/li>\n<li>Aprendizagens Significativas<\/li>\n<li>Publica\u00e7\u00e3o digital: FER + Cadernos da Pr\u00e1tica<\/li>\n<li>Revista Avisa l\u00e1<\/li>\n<li>Colet\u00e2neas de artigos da Revista Avisa L\u00e1<\/li>\n<\/ul>\n<p><strong>Projetos Pr\u00f3prios<\/strong><\/p>\n<ul>\n<li>Ocupa\u00e7\u00e3o crian\u00e7a<\/li>\n<li>D\u00e1 para fazer melhor!<\/li>\n<li>Avisa L\u00e1 Convida<\/li>\n<li>Avisa L\u00e1 Indica<\/li>\n<li>Cursos a dist\u00e2ncia<\/li>\n<\/ul>\n<p><strong>Advocacy<\/strong><\/p>\n<ul>\n<li>Rede Nossa S\u00e3o Paulo<\/li>\n<li>Rede Nacional Primeira Inf\u00e2ncia<\/li>\n<li>Todos pela Educa\u00e7\u00e3o<\/li>\n<li>Campanha Nacional pelo Direito \u00e0 Educa\u00e7\u00e3o<\/li>\n<li>Movimento Brasil Liter\u00e1rio<\/li>\n<\/ul>\n<\/div>\n\t\t<\/div><\/div><\/div><\/div><div id=\"pg-gb2-69e32d0b93165-5\"  class=\"panel-grid panel-no-style\" ><div id=\"pgc-gb2-69e32d0b93165-5-0\"  class=\"panel-grid-cell\" ><div id=\"panel-gb2-69e32d0b93165-5-0-0\" class=\"so-panel widget widget_sow-editor panel-first-child panel-last-child\" data-index=\"8\" ><div\n\t\t\t\n\t\t\tclass=\"so-widget-sow-editor so-widget-sow-editor-base\"\n\t\t\t\n\t\t><h3 class=\"widget-title\">Transpar\u00eancia<\/h3>\n<div class=\"siteorigin-widget-tinymce textwidget\">\n\t<p>Clique <a href=\"https:\/\/avisala.org.br\/index.php\/transparencia\/\">aqui<\/a> para acessar os documentos e relat\u00f3rios do Instituto Avisa L\u00e1.<\/p>\n<\/div>\n<\/div><\/div><\/div><div id=\"pgc-gb2-69e32d0b93165-5-1\"  class=\"panel-grid-cell\" ><div id=\"panel-gb2-69e32d0b93165-5-1-0\" class=\"so-panel widget widget_text panel-first-child\" data-index=\"9\" ><h3 class=\"widget-title\">Pr\u00eamios<\/h3>\t\t\t<div class=\"textwidget\"><\/div>\n\t\t<\/div><div id=\"panel-gb2-69e32d0b93165-5-1-1\" class=\"so-panel widget widget_siteorigin-panels-builder panel-last-child\" data-index=\"10\" ><div id=\"pl-w610dea9d0fcd6\"  class=\"panel-layout wp-block-siteorigin-panels-layout-block\" ><div id=\"pg-w610dea9d0fcd6-0\"  class=\"panel-grid panel-no-style\" ><div id=\"pgc-w610dea9d0fcd6-0-0\"  class=\"panel-grid-cell\" ><div id=\"panel-w610dea9d0fcd6-0-0-0\" class=\"so-panel widget widget_sow-features panel-first-child panel-last-child\" data-index=\"0\" ><div\n\t\t\t\n\t\t\tclass=\"so-widget-sow-features so-widget-sow-features-default-e271a18c020f\"\n\t\t\t\n\t\t><ul\n\tclass=\"sow-features-list\n\tsow-features-responsive\">\n\n\t\t\t<li\n\t\t\tclass=\"sow-features-feature sow-icon-container-position-top\"\n\t\t\tstyle=\"display: flex; flex-direction: column; width: calc(50% - 25px);\"\n\t\t>\n\t\t\t\n\t\t\t\t\t\t<div\t\t\t\tclass=\"sow-icon-container sow-container-none\"\n\t\t\t\tstyle=\"color: ; \"\n\t\t\t\t\n\t\t\t\t\t\t\t>\n\t\t\t\t\t\t\t\t\t\t<div class=\"sow-icon-image\" style=\"background-image: url(https:\/\/avisala.org.br\/wp-content\/uploads\/2019\/08\/itau.png); font-size: 24px\"><\/div>\n\t\t\t\t\t\t\t\t\t<\/div>\n\n\t\t\t<div class=\"textwidget\">\n\t\t\t\t\n\t\t\t\t\n\t\t\t\t\t\t\t\t\t<div class=\"sow-features-feature-text\">\n\t\t\t\t\t<p><span style=\"font-weight: 400\">Men\u00e7\u00e3o honrosa no <\/span><b>Pr\u00eamio Ita\u00fa Unicef <\/b><span style=\"font-weight: 400\">em 2002 pelo programa de forma\u00e7\u00e3o <\/span><b>Compartilhar<\/b><span style=\"font-weight: 400\"> \u2013 Construindo Compet\u00eancias para ensinar.<\/span><\/p>\n<p>&nbsp;<\/p>\n\t\t\t\t\t<\/div>\n\t\t\t\t\t\t\t\t<\/div>\n\t\t\t\t\t\t\t\t<\/li>\n\n\t\t\t<li\n\t\t\tclass=\"sow-features-feature sow-icon-container-position-top\"\n\t\t\tstyle=\"display: flex; flex-direction: column; width: calc(50% - 25px);\"\n\t\t>\n\t\t\t\n\t\t\t\t\t\t<div\t\t\t\tclass=\"sow-icon-container sow-container-none\"\n\t\t\t\tstyle=\"color: ; \"\n\t\t\t\t\n\t\t\t\t\t\t\t>\n\t\t\t\t\t\t\t\t\t\t<div class=\"sow-icon-image\" style=\"background-image: url(https:\/\/avisala.org.br\/wp-content\/uploads\/2019\/08\/logo-fadc_1.png); font-size: 24px\"><\/div>\n\t\t\t\t\t\t\t\t\t<\/div>\n\n\t\t\t<div class=\"textwidget\">\n\t\t\t\t\n\t\t\t\t\n\t\t\t\t\t\t\t\t\t<div class=\"sow-features-feature-text\">\n\t\t\t\t\t<p><b><span style=\"font-weight: 400\">Finalista no <\/span>Pr\u00eamio Crian\u00e7a da Funda\u00e7\u00e3o Abrinq<span style=\"font-weight: 400\"> em 2002 categorias <\/span>Educa\u00e7\u00e3o Infantil Programa Formar em rede.<\/b><\/p>\n\t\t\t\t\t<\/div>\n\t\t\t\t\t\t\t\t<\/div>\n\t\t\t\t\t\t\t\t<\/li>\n\n\t\t\t<li\n\t\t\tclass=\"sow-features-feature sow-icon-container-position-top\"\n\t\t\tstyle=\"display: flex; flex-direction: column; width: calc(50% - 25px);\"\n\t\t>\n\t\t\t\n\t\t\t\t\t\t<div\t\t\t\tclass=\"sow-icon-container sow-container-none\"\n\t\t\t\tstyle=\"color: ; \"\n\t\t\t\t\n\t\t\t\t\t\t\t>\n\t\t\t\t\t\t\t\t\t\t<div class=\"sow-icon-image\" style=\"background-image: url(https:\/\/avisala.org.br\/wp-content\/uploads\/2019\/08\/imag1CEALb.jpg); font-size: 24px\"><\/div>\n\t\t\t\t\t\t\t\t\t<\/div>\n\n\t\t\t<div class=\"textwidget\">\n\t\t\t\t\n\t\t\t\t\n\t\t\t\t\t\t\t\t\t<div class=\"sow-features-feature-text\">\n\t\t\t\t\t<p><b>Programa Al\u00e9m das Letras<\/b><span style=\"font-weight: 400\"> &#8211; reconhecido pelo <\/span><b>CEAL<\/b><span style=\"font-weight: 400\"> (Conselho de Empres\u00e1rios da Am\u00e9rica Latina) e <\/span><b>IlCE <\/b><span style=\"font-weight: 400\">(Instituto Latino Americano de Comunica\u00e7\u00e3o Educativa da <\/span><b>UNESCO<\/b><span style=\"font-weight: 400\">), como uma das tr\u00eas pr\u00e1ticas inovadoras do Brasil, de programas de larga escala, para ser disseminada na Am\u00e9rica Latina, por meio de uma publica\u00e7\u00e3o espec\u00edfica.<\/span><\/p>\n\t\t\t\t\t<\/div>\n\t\t\t\t\t\t\t\t<\/div>\n\t\t\t\t\t\t\t\t<\/li>\n\n\t\t\t<li\n\t\t\tclass=\"sow-features-feature sow-icon-container-position-top\"\n\t\t\tstyle=\"display: flex; flex-direction: column; width: calc(50% - 25px);\"\n\t\t>\n\t\t\t\n\t\t\t\t\t\t<div\t\t\t\tclass=\"sow-icon-container sow-container-none\"\n\t\t\t\tstyle=\"color: ; \"\n\t\t\t\t\n\t\t\t\t\t\t\t>\n\t\t\t\t\t\t\t\t\t\t<div class=\"sow-icon-image\" style=\"background-image: url(https:\/\/avisala.org.br\/wp-content\/uploads\/2019\/08\/IMG2.png); font-size: 24px\"><\/div>\n\t\t\t\t\t\t\t\t\t<\/div>\n\n\t\t\t<div class=\"textwidget\">\n\t\t\t\t\n\t\t\t\t\n\t\t\t\t\t\t\t\t\t<div class=\"sow-features-feature-text\">\n\t\t\t\t\t<p><span style=\"font-weight: 400\">Ag\u00eancia destaque do pr\u00eamio ABERJ 2002 na categoria Mem\u00f3ria Empresarial pelo trabalho <\/span><b>Mem\u00f3ria Local &#8211; Hist\u00f3rias da Nossa Terra<\/b><span style=\"font-weight: 400\"> em parceria com a Empresa CTBC Telecon.<\/span><\/p>\n\t\t\t\t\t<\/div>\n\t\t\t\t\t\t\t\t<\/div>\n\t\t\t\t\t\t\t\t<\/li>\n\n\t<\/ul>\n<\/div><\/div><\/div><\/div><\/div><\/div><\/div><\/div><div id=\"pg-gb2-69e32d0b93165-6\"  class=\"panel-grid panel-has-style\" ><div class=\"siteorigin-panels-stretch panel-row-style panel-row-style-for-gb2-69e32d0b93165-6\" data-stretch-type=\"full-width-stretch\" ><div id=\"pgc-gb2-69e32d0b93165-6-0\"  class=\"panel-grid-cell\" ><div id=\"panel-gb2-69e32d0b93165-6-0-0\" class=\"so-panel widget widget_sow-slider panel-first-child panel-last-child\" data-index=\"11\" ><div class=\"panel-widget-style panel-widget-style-for-gb2-69e32d0b93165-6-0-0\" ><div\n\t\t\t\n\t\t\tclass=\"so-widget-sow-slider so-widget-sow-slider-default-6d39609536fd-2\"\n\t\t\t\n\t\t>\t\t\t\t<div class=\"sow-slider-base\" style=\"display: none\" tabindex=\"0\">\n\t\t\t\t\t<ul\n\t\t\t\t\tclass=\"sow-slider-images\"\n\t\t\t\t\tdata-settings=\"{&quot;pagination&quot;:true,&quot;speed&quot;:800,&quot;timeout&quot;:8000,&quot;paused&quot;:false,&quot;pause_on_hover&quot;:false,&quot;swipe&quot;:true,&quot;nav_always_show_desktop&quot;:&quot;&quot;,&quot;nav_always_show_mobile&quot;:&quot;&quot;,&quot;breakpoint&quot;:&quot;780px&quot;,&quot;unmute&quot;:false,&quot;anchor&quot;:null}\"\n\t\t\t\t\t\t\t\t\t\tdata-anchor-id=\"\"\n\t\t\t\t>\t\t<li class=\"sow-slider-image  sow-slider-image-tile\" style=\"visibility: visible;;background-image: url(https:\/\/avisala.org.br\/wp-content\/uploads\/2019\/08\/equipe2.jpg);cursor: pointer;\" data-url=\"{&quot;url&quot;:&quot;https:\\\/\\\/avisala.org.br\\\/index.php\\\/equipe\\\/&quot;,&quot;new_window&quot;:false}\" >\n\t\t\t\t\t\t<div class=\"sow-slider-image-container\">\n\t\t\t\t<div class=\"sow-slider-image-wrapper\" style=\"max-width: 840px\">\n\t\t\t\t\t\t\t\t\t\t\t<a href=\"https:\/\/avisala.org.br\/index.php\/equipe\/\"\n\t\t\t\t\t\t>\n\t\t\t\t\t\t\t\t\t\t<div class=\"sow-slider-image-foreground-wrapper\">\n\t\t\t\t\t\t<img loading=\"lazy\" decoding=\"async\" width=\"840\" height=\"480\" src=\"https:\/\/avisala.org.br\/wp-content\/uploads\/2019\/08\/conheca-nossa-equipe-1.png\" class=\"sow-slider-foreground-image\" alt=\"\" style=\"\" srcset=\"https:\/\/avisala.org.br\/wp-content\/uploads\/2019\/08\/conheca-nossa-equipe-1.png 840w, https:\/\/avisala.org.br\/wp-content\/uploads\/2019\/08\/conheca-nossa-equipe-1-300x171.png 300w, https:\/\/avisala.org.br\/wp-content\/uploads\/2019\/08\/conheca-nossa-equipe-1-768x439.png 768w\" sizes=\"auto, (max-width: 840px) 100vw, 840px\" \/>\t\t\t\t\t<\/div>\n\t\t\t\t\t\t\t\t\t\t\t<\/a>\n\t\t\t\t\t\t\t\t\t<\/div>\n\t\t\t<\/div>\n\t\t\t\t\t<\/li>\n\t\t<\/ul>\t\t\t\t<ol class=\"sow-slider-pagination\">\n\t\t\t\t\t\t\t\t\t\t\t<li><a href=\"#\" data-goto=\"0\" aria-label=\"Display slide 1\"><\/a><\/li>\n\t\t\t\t\t\t\t\t\t<\/ol>\n\n\t\t\t\t<div class=\"sow-slide-nav sow-slide-nav-next\">\n\t\t\t\t\t<a href=\"#\" data-goto=\"next\" aria-label=\"Next slide\" data-action=\"next\">\n\t\t\t\t\t\t<em class=\"sow-sld-icon-thin-right\"><\/em>\n\t\t\t\t\t<\/a>\n\t\t\t\t<\/div>\n\n\t\t\t\t<div class=\"sow-slide-nav sow-slide-nav-prev\">\n\t\t\t\t\t<a href=\"#\" data-goto=\"previous\" aria-label=\"Previous slide\" data-action=\"prev\">\n\t\t\t\t\t\t<em class=\"sow-sld-icon-thin-left\"><\/em>\n\t\t\t\t\t<\/a>\n\t\t\t\t<\/div>\n\t\t\t\t<\/div><\/div><\/div><\/div><\/div><\/div><\/div><\/div>\n\n\n<p><\/p>\n","protected":false},"excerpt":{"rendered":"<p>Originalmente denominado \u201cCrecheplan\u201d (1986), o Instituto Avisa L\u00e1, foi criado a partir do sonho de garantir o direito a uma educa\u00e7\u00e3o de qualidade para as crian\u00e7as brasileiras.\u00a0 A metodologia de forma\u00e7\u00e3o continuada do Avisa L\u00e1 come\u00e7ou a se constituir em 1994 com apoio do Instituto C&amp;A de Desenvolvimento Social, por meio do projeto \u201cCapacitar Educadores\u201d, [&hellip;]<\/p>\n","protected":false},"author":1,"featured_media":0,"parent":0,"menu_order":0,"comment_status":"closed","ping_status":"open","template":"","meta":{"footnotes":""},"class_list":["post-2","page","type-page","status-publish","hentry","post"],"_links":{"self":[{"href":"https:\/\/avisala.org.br\/index.php\/wp-json\/wp\/v2\/pages\/2","targetHints":{"allow":["GET"]}}],"collection":[{"href":"https:\/\/avisala.org.br\/index.php\/wp-json\/wp\/v2\/pages"}],"about":[{"href":"https:\/\/avisala.org.br\/index.php\/wp-json\/wp\/v2\/types\/page"}],"author":[{"embeddable":true,"href":"https:\/\/avisala.org.br\/index.php\/wp-json\/wp\/v2\/users\/1"}],"replies":[{"embeddable":true,"href":"https:\/\/avisala.org.br\/index.php\/wp-json\/wp\/v2\/comments?post=2"}],"version-history":[{"count":12,"href":"https:\/\/avisala.org.br\/index.php\/wp-json\/wp\/v2\/pages\/2\/revisions"}],"predecessor-version":[{"id":18226,"href":"https:\/\/avisala.org.br\/index.php\/wp-json\/wp\/v2\/pages\/2\/revisions\/18226"}],"wp:attachment":[{"href":"https:\/\/avisala.org.br\/index.php\/wp-json\/wp\/v2\/media?parent=2"}],"curies":[{"name":"wp","href":"https:\/\/api.w.org\/{rel}","templated":true}]}}