{"id":13676,"date":"2022-05-21T16:32:20","date_gmt":"2022-05-21T19:32:20","guid":{"rendered":"https:\/\/avisala.org.br\/?page_id=13676"},"modified":"2025-07-16T23:40:13","modified_gmt":"2025-07-17T02:40:13","slug":"transparencia","status":"publish","type":"page","link":"https:\/\/avisala.org.br\/index.php\/transparencia\/","title":{"rendered":"Transpar\u00eancia"},"content":{"rendered":"<div id=\"pl-gb13676-69e32dab13bf3\"  class=\"panel-layout wp-block-siteorigin-panels-layout-block\" ><div id=\"pg-gb13676-69e32dab13bf3-0\"  class=\"panel-grid panel-no-style\" ><div id=\"pgc-gb13676-69e32dab13bf3-0-0\"  class=\"panel-grid-cell\" ><div id=\"panel-gb13676-69e32dab13bf3-0-0-0\" class=\"so-panel widget widget_sow-image panel-first-child panel-last-child\" data-index=\"0\" ><div\n\t\t\t\n\t\t\tclass=\"so-widget-sow-image so-widget-sow-image-default-8b5b6f678277-13676\"\n\t\t\t\n\t\t><h3 class=\"widget-title\">POL\u00cdTICA DE PREVEN\u00c7\u00c3O DA VIOL\u00caNCIA CONTRA A CRIAN\u00c7A E O ADOLESCENTE<\/h3>\n<div class=\"sow-image-container\">\n\t\t\t<a href=\"https:\/\/avisala.org.br\/index.php\/politica-de-prevencao-da-violencia-contra-a-crianca-e-o-adolescente\/\"\n\t\t\ttarget=\"_blank\" rel=\"noopener noreferrer\" \t\t>\n\t\t\t<img \n\tsrc=\"https:\/\/avisala.org.br\/wp-content\/uploads\/2022\/05\/Tolerancia-Zero-_.png\" width=\"438\" height=\"438\" srcset=\"https:\/\/avisala.org.br\/wp-content\/uploads\/2022\/05\/Tolerancia-Zero-_.png 438w, https:\/\/avisala.org.br\/wp-content\/uploads\/2022\/05\/Tolerancia-Zero-_-300x300.png 300w, https:\/\/avisala.org.br\/wp-content\/uploads\/2022\/05\/Tolerancia-Zero-_-150x150.png 150w\" sizes=\"(max-width: 438px) 100vw, 438px\" title=\"POL\u00cdTICA DE PREVEN\u00c7\u00c3O DA VIOL\u00caNCIA CONTRA A CRIAN\u00c7A E O ADOLESCENTE\" alt=\"POL\u00cdTICA DE PREVEN\u00c7\u00c3O DA VIOL\u00caNCIA CONTRA A CRIAN\u00c7A E O ADOLESCENTE\" \t\tclass=\"so-widget-image\"\/>\n\t\t\t<\/a><\/div>\n\n<\/div><\/div><\/div><div id=\"pgc-gb13676-69e32dab13bf3-0-1\"  class=\"panel-grid-cell\" ><div id=\"panel-gb13676-69e32dab13bf3-0-1-0\" class=\"so-panel widget widget_sow-editor panel-first-child panel-last-child\" data-index=\"1\" ><div\n\t\t\t\n\t\t\tclass=\"so-widget-sow-editor so-widget-sow-editor-base\"\n\t\t\t\n\t\t><h3 class=\"widget-title\">Documentos<\/h3>\n<div class=\"siteorigin-widget-tinymce textwidget\">\n\t<ul>\n<li>\n<h4><a href=\"https:\/\/avisala.org.br\/wp-content\/uploads\/2021\/08\/Estatuto-e-Ata-de-Fundacao_Avisa-La.pdf\">Estatuto e Ata de Funda\u00e7\u00e3o<\/a><\/h4>\n<\/li>\n<li>\n<h4><a href=\"https:\/\/avisala.org.br\/wp-content\/uploads\/2025\/07\/Codigo-de-Etica-e-conduta-Avisa-La.pdf\" target=\"_blank\" rel=\"noopener\">C\u00f3digo de \u00c9tica<\/a><\/h4>\n<\/li>\n<li>\n<h4><a href=\"https:\/\/avisala.org.br\/wp-content\/uploads\/2025\/06\/Relatorio-Anual-2024_VF.pdf\" target=\"_blank\" rel=\"noopener\">Relat\u00f3rio Anual da Execu\u00e7\u00e3o de Atividades do ano de 2024<\/a><\/h4>\n<\/li>\n<li>\n<h4><a href=\"https:\/\/avisala.org.br\/wp-content\/uploads\/2024\/06\/Relatorio-Anual-2023-VF.pdf\">Relat\u00f3rio Anual da Execu\u00e7\u00e3o de Atividades do ano de 2023<\/a><\/h4>\n<\/li>\n<li>\n<h4><a href=\"https:\/\/avisala.org.br\/wp-content\/uploads\/2023\/08\/Relatorio-Anual-de-Execucao-de-Atividades-2022-vf.pdf\">Relat\u00f3rio Anual da Execu\u00e7\u00e3o de Atividades do ano de 2022<\/a><\/h4>\n<\/li>\n<li>\n<h4><a href=\"https:\/\/avisala.org.br\/wp-content\/uploads\/2022\/04\/Relatorio-de-Atividades-IAL-2021.pdf\">Relat\u00f3rio Anual da Execu\u00e7\u00e3o de Atividades do ano de 2021<\/a><\/h4>\n<\/li>\n<li>\n<h4><a href=\"https:\/\/avisala.org.br\/wp-content\/uploads\/2022\/04\/Relatorio-de-Atividades-IAL-2020-vf.pdf\">Relat\u00f3rio Anual da Execu\u00e7\u00e3o de Atividades do ano de 2020<\/a><\/h4>\n<\/li>\n<li>\n<h4><a href=\"https:\/\/avisala.org.br\/wp-content\/uploads\/2022\/04\/Relatorio-de-Atividades-19-Avisa-La-vf.pdf\">Relat\u00f3rio Anual da Execu\u00e7\u00e3o de Atividades do ano de 2019<\/a><\/h4>\n<\/li>\n<\/ul>\n<\/div>\n<\/div><\/div><\/div><\/div><\/div>\n\n\n<p><\/p>\n","protected":false},"excerpt":{"rendered":"<p>Estatuto e Ata de Funda\u00e7\u00e3o C\u00f3digo de \u00c9tica Relat\u00f3rio Anual da Execu\u00e7\u00e3o de Atividades do ano de 2024 Relat\u00f3rio Anual da Execu\u00e7\u00e3o de Atividades do ano de 2023 Relat\u00f3rio Anual da Execu\u00e7\u00e3o de Atividades do ano de 2022 Relat\u00f3rio Anual da Execu\u00e7\u00e3o de Atividades do ano de 2021 Relat\u00f3rio Anual da Execu\u00e7\u00e3o de Atividades do [&hellip;]<\/p>\n","protected":false},"author":1,"featured_media":0,"parent":0,"menu_order":0,"comment_status":"closed","ping_status":"closed","template":"","meta":{"footnotes":""},"class_list":["post-13676","page","type-page","status-publish","hentry","post"],"_links":{"self":[{"href":"https:\/\/avisala.org.br\/index.php\/wp-json\/wp\/v2\/pages\/13676","targetHints":{"allow":["GET"]}}],"collection":[{"href":"https:\/\/avisala.org.br\/index.php\/wp-json\/wp\/v2\/pages"}],"about":[{"href":"https:\/\/avisala.org.br\/index.php\/wp-json\/wp\/v2\/types\/page"}],"author":[{"embeddable":true,"href":"https:\/\/avisala.org.br\/index.php\/wp-json\/wp\/v2\/users\/1"}],"replies":[{"embeddable":true,"href":"https:\/\/avisala.org.br\/index.php\/wp-json\/wp\/v2\/comments?post=13676"}],"version-history":[{"count":6,"href":"https:\/\/avisala.org.br\/index.php\/wp-json\/wp\/v2\/pages\/13676\/revisions"}],"predecessor-version":[{"id":17874,"href":"https:\/\/avisala.org.br\/index.php\/wp-json\/wp\/v2\/pages\/13676\/revisions\/17874"}],"wp:attachment":[{"href":"https:\/\/avisala.org.br\/index.php\/wp-json\/wp\/v2\/media?parent=13676"}],"curies":[{"name":"wp","href":"https:\/\/api.w.org\/{rel}","templated":true}]}}