{"id":1363,"date":"2012-10-23T16:39:37","date_gmt":"2012-10-23T18:39:37","guid":{"rendered":"http:\/\/avisala1.tempsite.ws\/portal\/?page_id=1363"},"modified":"2023-11-10T09:18:23","modified_gmt":"2023-11-10T12:18:23","slug":"memoria-local","status":"publish","type":"page","link":"https:\/\/avisala.org.br\/index.php\/programas\/memoria-local\/","title":{"rendered":"Programa Mem\u00f3ria Local na Escola"},"content":{"rendered":"<h3><img loading=\"lazy\" decoding=\"async\" class=\" wp-image-6736 alignleft\" src=\"http:\/\/avisala.org.br\/wp-content\/uploads\/2012\/10\/mlnaescola1.jpg\" alt=\"mlnaescola\" width=\"175\" height=\"175\" srcset=\"https:\/\/avisala.org.br\/wp-content\/uploads\/2012\/10\/mlnaescola1.jpg 250w, https:\/\/avisala.org.br\/wp-content\/uploads\/2012\/10\/mlnaescola1-150x150.jpg 150w\" sizes=\"auto, (max-width: 175px) 100vw, 175px\" \/><\/h3>\n<p>O programa, em parceria com o Museu da Pessoa, tem por objetivo preservar a mem\u00f3ria das comunidades, envolvendo alunos e professores do ensino fundamental I no registro das hist\u00f3rias dos moradores locais.<\/p>\n<p><strong>Dura\u00e7\u00e3o<br \/>\n<\/strong>01 ano<\/p>\n<div id=\"attachment_9819\" style=\"width: 295px\" class=\"wp-caption alignright\"><a href=\"https:\/\/avisala.org.br\/wp-content\/uploads\/2019\/08\/memoria-local-1.jpg\"><img loading=\"lazy\" decoding=\"async\" aria-describedby=\"caption-attachment-9819\" class=\"size-full wp-image-9819\" src=\"https:\/\/avisala.org.br\/wp-content\/uploads\/2019\/08\/memoria-local-1.jpg\" alt=\"\" width=\"285\" height=\"190\" srcset=\"https:\/\/avisala.org.br\/wp-content\/uploads\/2019\/08\/memoria-local-1.jpg 285w, https:\/\/avisala.org.br\/wp-content\/uploads\/2019\/08\/memoria-local-1-272x182.jpg 272w\" sizes=\"auto, (max-width: 285px) 100vw, 285px\" \/><\/a><p id=\"caption-attachment-9819\" class=\"wp-caption-text\">Exposi\u00e7\u00e3o Mem\u00f3ria Local \u2013 Paraty (RJ) 2008<\/p><\/div>\n<p>Mem\u00f3ria Local 10 anos Sesc Vila Mariana SP 2012<\/p>\n<p><strong>Objetivo Espec\u00edfico<br \/>\n<\/strong>Formar professores, coordenadores pedag\u00f3gicos e alunos, para promover o uso da mem\u00f3ria oral no cotidiano escolar, de forma a incentivar o contato com a hist\u00f3ria da cidade, o estreitamento das rela\u00e7\u00f5es humanas na comunidade, o desenvolvimento de comportamentos leitores e escritores nos alunos.<\/p>\n<div id=\"attachment_9820\" style=\"width: 267px\" class=\"wp-caption alignleft\"><a href=\"https:\/\/avisala.org.br\/wp-content\/uploads\/2019\/08\/memoria-local2.jpg\"><img loading=\"lazy\" decoding=\"async\" aria-describedby=\"caption-attachment-9820\" class=\"wp-image-9820 size-full\" src=\"https:\/\/avisala.org.br\/wp-content\/uploads\/2019\/08\/memoria-local2.jpg\" alt=\"\" width=\"257\" height=\"193\" \/><\/a><p id=\"caption-attachment-9820\" class=\"wp-caption-text\">Mem\u00f3ria Local 10 anos Sesc Vila Mariana SP 2012<\/p><\/div>\n<p><strong>Metodologia<\/strong><br \/>\nForma\u00e7\u00e3o continuada de coordenadores, professores e atividades diretas com os alunos, que alia a metodologia de mem\u00f3ria oral a atividades de leitura, escrita, oralidade, pesquisa e produ\u00e7\u00e3o de conte\u00fado.<\/p>\n<p><strong>Conte\u00fados<\/strong><br \/>\nConceitos e propostas de atividades para o registro e divulga\u00e7\u00e3o de hist\u00f3rias.<\/p>\n<p><strong>Formato<\/strong><\/p>\n<ul>\n<li>Encontros mensais com os professores e alunos das escolas participantes<br \/>\ne atua\u00e7\u00e3o direta em salas de aula para realiza\u00e7\u00e3o de atividades com os alunos.<\/li>\n<li>Registro, Grava\u00e7\u00e3o, Produ\u00e7\u00e3o de Texto e Desenho<br \/>\nOs alunos entrevistam as pessoas, produzem textos e desenhos das hist\u00f3rias que ouviram.<\/li>\n<li>Os diretores tamb\u00e9m s\u00e3o envolvidos para comunicar e divulgar o programa na cidade e articular parcerias locais.<\/li>\n<li>Toda a produ\u00e7\u00e3o \u00e9 exposta em um espa\u00e7o p\u00fablico e fica dispon\u00edvel em uma cole\u00e7\u00e3o virtual no portal do Museu da Pessoa.<\/li>\n<\/ul>\n<p><a href=\"https:\/\/avisala.org.br\/index.php\/programas#contrato\"><u>Clique aqui<\/u><\/a> para ver as formas de contrata\u00e7\u00e3o<\/p>\n<p>Fale conosco em <a href=\"mailto:contato@avisala.org.br\">contato@avisala.org.br<\/a> ou ligue para 11 30325411<\/p>\n","protected":false},"excerpt":{"rendered":"<p>O programa, em parceria com o Museu da Pessoa, tem por objetivo preservar a mem\u00f3ria das comunidades, envolvendo alunos e professores do ensino fundamental I no registro das hist\u00f3rias dos moradores locais. Dura\u00e7\u00e3o 01 ano Mem\u00f3ria Local 10 anos Sesc Vila Mariana SP 2012 Objetivo Espec\u00edfico Formar professores, coordenadores pedag\u00f3gicos e alunos, para promover o [&hellip;]<\/p>\n","protected":false},"author":1,"featured_media":0,"parent":1355,"menu_order":0,"comment_status":"closed","ping_status":"open","template":"","meta":{"footnotes":""},"class_list":["post-1363","page","type-page","status-publish","hentry","post"],"_links":{"self":[{"href":"https:\/\/avisala.org.br\/index.php\/wp-json\/wp\/v2\/pages\/1363","targetHints":{"allow":["GET"]}}],"collection":[{"href":"https:\/\/avisala.org.br\/index.php\/wp-json\/wp\/v2\/pages"}],"about":[{"href":"https:\/\/avisala.org.br\/index.php\/wp-json\/wp\/v2\/types\/page"}],"author":[{"embeddable":true,"href":"https:\/\/avisala.org.br\/index.php\/wp-json\/wp\/v2\/users\/1"}],"replies":[{"embeddable":true,"href":"https:\/\/avisala.org.br\/index.php\/wp-json\/wp\/v2\/comments?post=1363"}],"version-history":[{"count":1,"href":"https:\/\/avisala.org.br\/index.php\/wp-json\/wp\/v2\/pages\/1363\/revisions"}],"predecessor-version":[{"id":16157,"href":"https:\/\/avisala.org.br\/index.php\/wp-json\/wp\/v2\/pages\/1363\/revisions\/16157"}],"up":[{"embeddable":true,"href":"https:\/\/avisala.org.br\/index.php\/wp-json\/wp\/v2\/pages\/1355"}],"wp:attachment":[{"href":"https:\/\/avisala.org.br\/index.php\/wp-json\/wp\/v2\/media?parent=1363"}],"curies":[{"name":"wp","href":"https:\/\/api.w.org\/{rel}","templated":true}]}}