{"id":1359,"date":"2012-10-23T16:39:02","date_gmt":"2012-10-23T18:39:02","guid":{"rendered":"http:\/\/avisala1.tempsite.ws\/portal\/?page_id=1359"},"modified":"2023-11-10T09:17:49","modified_gmt":"2023-11-10T12:17:49","slug":"programa-alem-das-letras","status":"publish","type":"page","link":"https:\/\/avisala.org.br\/index.php\/programas\/programa-alem-das-letras\/","title":{"rendered":"Programa Al\u00e9m das Letras"},"content":{"rendered":"<p><img loading=\"lazy\" decoding=\"async\" class=\"alignleft wp-image-6731 size-full\" src=\"https:\/\/avisala.org.br\/wp-content\/uploads\/2012\/10\/logo-Alemdasletras.gif\" alt=\"logo-Alemdasletras\" width=\"161\" height=\"158\" \/><\/p>\n<p>O programa tem por objetivo fortalecer pol\u00edticas p\u00fablicas do Ensino Fundamental \u2013 primeiros anos &#8211; por meio da qualifica\u00e7\u00e3o t\u00e9cnico-pedag\u00f3gica do atendimento nas escolas.<\/p>\n<p><strong>Dura\u00e7\u00e3o<br \/>\n<\/strong>01 ano<\/p>\n<p><strong>Objetivo Espec\u00edfico<br \/>\n<\/strong>Formar a equipe t\u00e9cnica da SME (formadores locais) do munic\u00edpio e as coordenadoras pedag\u00f3gicas para que apoiem os professores para que desenvolvam novas pr\u00e1ticas de alfabetiza\u00e7\u00e3o, que impactem as compet\u00eancias, os objetivos de aprendizagem, desenvolvimento e as habilidades preconizadas para a l\u00edngua portuguesa na BNCC.<\/p>\n<p><strong>Metodologia<\/strong><br \/>\nForma\u00e7\u00e3o continuada de car\u00e1ter reflexivo atrelada \u00e0s atividades pedag\u00f3gicas de leitura e escrita que dever\u00e3o ocorrer nas escolas participantes para alunos dos anos iniciais do Ensino Fundamental.<br \/>\nApoio aos t\u00e9cnicos e coordenadores por meio de: tematiza\u00e7\u00e3o da pr\u00e1tica, aprofundamento te\u00f3rico e pr\u00e1tico das did\u00e1ticas espec\u00edficas de leitura e escrita, consultoria a dist\u00e2ncia para avaliar a produ\u00e7\u00e3o de texto dos alunos e apoio para planejamento e acompanhamento do trabalho a ser desenvolvido pela equipe escolar.<\/p>\n<p><strong>Conte\u00fados<br \/>\n<\/strong><strong><u>L<\/u><\/strong><u>\u00edngua Portuguesa<\/u> &#8211; conte\u00fados did\u00e1ticos a partir dos contextos apresentados na BNCC.<\/p>\n<p>Dentre os 4 campos da BNCC podem ser escolhidos, por exemplo, Campo da Vida Cotidiana ou o Art\u00edstico Liter\u00e1rio.<\/p>\n<p><strong>Formato<\/strong><\/p>\n<ul>\n<li>Dois Semin\u00e1rios presenciais por ano de 16 horas cada em S\u00e3o Paulo\/SP para dois formadores locais.<strong><br \/>\n<\/strong><\/li>\n<li>Os formadores locais recebem subs\u00eddios de pauta mensalmente para planejarem o encontro de forma\u00e7\u00e3o com os coordenadores pedag\u00f3gicos.<\/li>\n<li>Os formadores locais t\u00eam acesso \u00e0 plataforma do programa com todo o material disponibilizado (textos utilizados, v\u00eddeos, ppts e indica\u00e7\u00e3o bibliogr\u00e1fica), participa\u00e7\u00e3o de reuni\u00f5es online mensais e f\u00f3runs.<\/li>\n<li>Dois semin\u00e1rios locais (no munic\u00edpio), um no primeiro semestre, outro no segundo nos quais os consultores do Instituto Avisa L\u00e1 trabalhar\u00e3o supervis\u00e3o com os professores, coordenadores e t\u00e9cnicos, em alfabetiza\u00e7\u00e3o. Haver\u00e1 visitas em duas escolas participantes<\/li>\n<li>Curso a dist\u00e2ncia para coordenadores e diretores (at\u00e9 30 participantes) sobre dois dos conte\u00fados abordados no ano \u2013 dura\u00e7\u00e3o 6 meses &#8211; na plataforma ADL. Recebem certificado do IAL por isso.<\/li>\n<\/ul>\n<p>O IAL certificar\u00e1 t\u00e9cnicos, e coordenadores. Os professores devem ser certificados pela pr\u00f3pria Secretaria.<\/p>\n<p><strong>A\u00e7\u00f5es e carga hor\u00e1ria dos formadores locais<br \/>\n<\/strong><\/p>\n<ul>\n<li>Encontros de forma\u00e7\u00e3o<\/li>\n<li>Semin\u00e1rios<\/li>\n<li>Reuni\u00f5es online<\/li>\n<li>Supervis\u00f5es mensais<\/li>\n<li>Elabora\u00e7\u00e3o de materiais para o Programa<\/li>\n<\/ul>\n<p>Total de horas no ano 163 a 172, aproximadamente.<\/p>\n<p><a href=\"https:\/\/avisala.org.br\/index.php\/programas#contrato\"><u>Cl<\/u><u>ique aqui<\/u> <\/a>para ver as formas de contrata\u00e7\u00e3o<\/p>\n<p>Fale conosco em <a href=\"mailto:contato@avisala.org.br\">contato@avisala.org.br<\/a> ou ligue para 11 30325411<\/p>\n","protected":false},"excerpt":{"rendered":"<p>O programa tem por objetivo fortalecer pol\u00edticas p\u00fablicas do Ensino Fundamental \u2013 primeiros anos &#8211; por meio da qualifica\u00e7\u00e3o t\u00e9cnico-pedag\u00f3gica do atendimento nas escolas. Dura\u00e7\u00e3o 01 ano Objetivo Espec\u00edfico Formar a equipe t\u00e9cnica da SME (formadores locais) do munic\u00edpio e as coordenadoras pedag\u00f3gicas para que apoiem os professores para que desenvolvam novas pr\u00e1ticas de alfabetiza\u00e7\u00e3o, [&hellip;]<\/p>\n","protected":false},"author":1,"featured_media":0,"parent":1355,"menu_order":0,"comment_status":"closed","ping_status":"closed","template":"","meta":{"footnotes":""},"class_list":["post-1359","page","type-page","status-publish","hentry","post"],"_links":{"self":[{"href":"https:\/\/avisala.org.br\/index.php\/wp-json\/wp\/v2\/pages\/1359","targetHints":{"allow":["GET"]}}],"collection":[{"href":"https:\/\/avisala.org.br\/index.php\/wp-json\/wp\/v2\/pages"}],"about":[{"href":"https:\/\/avisala.org.br\/index.php\/wp-json\/wp\/v2\/types\/page"}],"author":[{"embeddable":true,"href":"https:\/\/avisala.org.br\/index.php\/wp-json\/wp\/v2\/users\/1"}],"replies":[{"embeddable":true,"href":"https:\/\/avisala.org.br\/index.php\/wp-json\/wp\/v2\/comments?post=1359"}],"version-history":[{"count":1,"href":"https:\/\/avisala.org.br\/index.php\/wp-json\/wp\/v2\/pages\/1359\/revisions"}],"predecessor-version":[{"id":16156,"href":"https:\/\/avisala.org.br\/index.php\/wp-json\/wp\/v2\/pages\/1359\/revisions\/16156"}],"up":[{"embeddable":true,"href":"https:\/\/avisala.org.br\/index.php\/wp-json\/wp\/v2\/pages\/1355"}],"wp:attachment":[{"href":"https:\/\/avisala.org.br\/index.php\/wp-json\/wp\/v2\/media?parent=1359"}],"curies":[{"name":"wp","href":"https:\/\/api.w.org\/{rel}","templated":true}]}}