{"id":11046,"date":"2020-10-12T17:30:09","date_gmt":"2020-10-12T20:30:09","guid":{"rendered":"https:\/\/avisala.org.br\/?page_id=11046"},"modified":"2023-11-10T09:44:40","modified_gmt":"2023-11-10T12:44:40","slug":"formar-delp-didatica-especifica-da-lingua-portuguesa","status":"publish","type":"page","link":"https:\/\/avisala.org.br\/index.php\/formar-delp-didatica-especifica-da-lingua-portuguesa\/","title":{"rendered":"Formar DELP &#8211; Did\u00e1tica Espec\u00edfica da L\u00edngua Portuguesa"},"content":{"rendered":"<div id=\"pl-11046\"  class=\"panel-layout\" ><div id=\"pg-11046-0\"  class=\"panel-grid panel-no-style\" ><div id=\"pgc-11046-0-0\"  class=\"panel-grid-cell\" ><div id=\"panel-11046-0-0-0\" class=\"so-panel widget widget_sow-editor panel-first-child panel-last-child\" data-index=\"0\" ><div\n\t\t\t\n\t\t\tclass=\"so-widget-sow-editor so-widget-sow-editor-base\"\n\t\t\t\n\t\t>\n<div class=\"siteorigin-widget-tinymce textwidget\">\n\t<p><img loading=\"lazy\" decoding=\"async\" class=\"size-full wp-image-11718 aligncenter\" src=\"https:\/\/avisala.org.br\/wp-content\/uploads\/2021\/05\/logos.jpg\" alt=\"\" width=\"673\" height=\"77\" srcset=\"https:\/\/avisala.org.br\/wp-content\/uploads\/2021\/05\/logos.jpg 673w, https:\/\/avisala.org.br\/wp-content\/uploads\/2021\/05\/logos-300x34.jpg 300w\" sizes=\"auto, (max-width: 673px) 100vw, 673px\" \/><\/p>\n<p>O Formar DELP \u00e9 um programa de forma\u00e7\u00e3o nas did\u00e1ticas espec\u00edficas de L\u00edngua Portuguesa destinado, principalmente, para as turmas de 3\u00ba.s a 5\u00ba.s anos de escolas p\u00fablicas de ensino.<br \/>\n\u00c9 desenvolvido tecnicamente pela equipe do Instituto Avisa L\u00e1 desde 2018, em parceria com redes municipais do Programa Formar desenvolvido pela Funda\u00e7\u00e3o Lemann.<\/p>\n<p>No per\u00edodo de isolamento social, o Programa desenvolveu sequ\u00eancias de curta dura\u00e7\u00e3o, elaboradas para que o desenvolvimento e acompanhamento do trabalho pedag\u00f3gico com as pr\u00e1ticas de leitura e escrita que pudessem acontecer de maneira efetiva, \u00e1gil e atrativa para alunos, professores, CPs e t\u00e9cnicos das secretarias de educa\u00e7\u00e3o.<\/p>\n<h4>EQUIPE<\/h4>\n<ul>\n<li>Coordenadora Geral: Silvia Carvalho<\/li>\n<li>Coordenadora T\u00e9cnica: Renata Frauendorf<\/li>\n<\/ul>\n<h4>Equipe Consultoras Instituto Avisa L\u00e1<\/h4>\n<ul>\n<li>Carla Tocchet<\/li>\n<li>Caroline Rezende<\/li>\n<li>C\u00e9lia Prud\u00eancio<\/li>\n<li>Cristiane Pelissari<\/li>\n<li>Priscila de Giovani<\/li>\n<\/ul>\n<\/div>\n<\/div><\/div><\/div><\/div><div id=\"pg-11046-1\"  class=\"panel-grid panel-no-style\" ><div id=\"pgc-11046-1-0\"  class=\"panel-grid-cell\" ><div id=\"panel-11046-1-0-0\" class=\"so-panel widget widget_sow-editor panel-first-child\" data-index=\"1\" ><div\n\t\t\t\n\t\t\tclass=\"so-widget-sow-editor so-widget-sow-editor-base\"\n\t\t\t\n\t\t><h3 class=\"widget-title\">Edi\u00e7\u00f5es<\/h3>\n<div class=\"siteorigin-widget-tinymce textwidget\">\n\t<p><img loading=\"lazy\" decoding=\"async\" class=\"wp-image-11047 size-large aligncenter\" src=\"https:\/\/avisala.org.br\/wp-content\/uploads\/2020\/10\/image1-1024x498.jpg\" alt=\"Semin\u00e1rio do Projeto Formar DELP \u2013 1\u00aa. edi\u00e7\u00e3o em S\u00e3o Paulo\" width=\"720\" height=\"350\" srcset=\"https:\/\/avisala.org.br\/wp-content\/uploads\/2020\/10\/image1-1024x498.jpg 1024w, https:\/\/avisala.org.br\/wp-content\/uploads\/2020\/10\/image1-300x146.jpg 300w, https:\/\/avisala.org.br\/wp-content\/uploads\/2020\/10\/image1-768x373.jpg 768w, https:\/\/avisala.org.br\/wp-content\/uploads\/2020\/10\/image1.jpg 1272w\" sizes=\"auto, (max-width: 720px) 100vw, 720px\" \/><\/p>\n<p>Semin\u00e1rio do Projeto Formar DELP \u2013 1\u00aa. edi\u00e7\u00e3o em S\u00e3o Paulo<\/p>\n<\/div>\n<\/div><\/div><div id=\"panel-11046-1-0-1\" class=\"so-panel widget widget_sow-editor panel-last-child\" data-index=\"2\" ><div\n\t\t\t\n\t\t\tclass=\"so-widget-sow-editor so-widget-sow-editor-base\"\n\t\t\t\n\t\t><h3 class=\"widget-title\">1a. Edi\u00e7\u00e3o: 2018\/2019 \u2013 2 munic\u00edpios 1 RO e 1 PR. (semi presencial e remoto)<\/h3>\n<div class=\"siteorigin-widget-tinymce textwidget\">\n\t<p>Grupo piloto em did\u00e1tica de leitura e escrita tendo refer\u00eancia as habilidades da BNCC para os 3\u00ba. 4\u00ba. 5\u00ba. anos do Ensino Fundamental das redes p\u00fablicas de Porto Velho e Ponta Grossa.<\/p>\n<\/div>\n<\/div><\/div><\/div><\/div><div id=\"pg-11046-2\"  class=\"panel-grid panel-no-style\" ><div id=\"pgc-11046-2-0\"  class=\"panel-grid-cell\" ><div id=\"panel-11046-2-0-0\" class=\"so-panel widget widget_sow-editor panel-first-child panel-last-child\" data-index=\"3\" ><div\n\t\t\t\n\t\t\tclass=\"so-widget-sow-editor so-widget-sow-editor-base\"\n\t\t\t\n\t\t><h3 class=\"widget-title\">Elivania Melo Peixoto \u2013 Formadora Local Porto Velho<\/h3>\n<div class=\"siteorigin-widget-tinymce textwidget\">\n\t<blockquote>\n<p>\u201cParticipar foi al\u00e9m das minhas expectativas, pois ampliei meus conhecimentos pr\u00e1ticos e te\u00f3ricos. Posso dizer que a metodologia usada pelo Programa Formar DELP teve um papel relevante na melhoria da minha pr\u00e1tica como formadora de formador, seja na organiza\u00e7\u00e3o dos meus planejamentos como nos encaminhamentos did\u00e1ticos metodol\u00f3gicos necess\u00e1rios para auxiliar as forma\u00e7\u00f5es que realizei com a equipe... Nesse contexto, assumi o compromisso de formar profissionais reflexivos e capazes de atuar no \u00e2mbito escolar visando \u00e0 melhoria do processo de ensino e aprendizagem dos alunos, al\u00e9m da consolida\u00e7\u00e3o de uma Educa\u00e7\u00e3o com qualidade\u201d.<\/p>\n<\/blockquote>\n<\/div>\n<\/div><\/div><\/div><div id=\"pgc-11046-2-1\"  class=\"panel-grid-cell\" ><div id=\"panel-11046-2-1-0\" class=\"so-panel widget widget_sow-editor panel-first-child panel-last-child\" data-index=\"4\" ><div\n\t\t\t\n\t\t\tclass=\"so-widget-sow-editor so-widget-sow-editor-base\"\n\t\t\t\n\t\t><h3 class=\"widget-title\">Maria de Lurdes dos Santos, Professora \u2013 Porto Velho<\/h3>\n<div class=\"siteorigin-widget-tinymce textwidget\">\n\t<blockquote>\n<p>\u201cNo m\u00f3dulo 2 trabalhamos com o Projeto Curiosidades sobre animais da Mata Atl\u00e2ntica e Amaz\u00f4nia. Achei um tema muito interessante e que despertou a curiosidade dos alunos, foi poss\u00edvel avaliar os conhecimentos pr\u00e9vios n\u00e3o cient\u00edficos dos alunos e as descobertas, inclusive nas apresenta\u00e7\u00f5es do projeto em outras salas foi muito gratificante\u201d.<\/p>\n<\/blockquote>\n<\/div>\n<\/div><\/div><\/div><div id=\"pgc-11046-2-2\"  class=\"panel-grid-cell\" ><div id=\"panel-11046-2-2-0\" class=\"so-panel widget widget_sow-editor panel-first-child panel-last-child\" data-index=\"5\" ><div\n\t\t\t\n\t\t\tclass=\"so-widget-sow-editor so-widget-sow-editor-base\"\n\t\t\t\n\t\t><h3 class=\"widget-title\">Gisleine de Oliveira Rosas CP \u2013 Ponta Grossa<\/h3>\n<div class=\"siteorigin-widget-tinymce textwidget\">\n\t<blockquote>\n<p>\u201cA proposta de trabalho para esse semestre foi muito boa. Fez-me refletir muito sobre o trabalho com a leitura e a pesquisa em sala de aula. Espero conseguir incentivar mais professores da escola assumirem essa pr\u00e1tica com suas turmas aqui na escola.\u201d<\/p>\n<\/blockquote>\n<\/div>\n<\/div><\/div><\/div><\/div><div id=\"pg-11046-3\"  class=\"panel-grid panel-no-style\" ><div id=\"pgc-11046-3-0\"  class=\"panel-grid-cell\" ><div id=\"panel-11046-3-0-0\" class=\"so-panel widget widget_sow-editor panel-first-child panel-last-child\" data-index=\"6\" ><div\n\t\t\t\n\t\t\tclass=\"so-widget-sow-editor so-widget-sow-editor-base\"\n\t\t\t\n\t\t><h3 class=\"widget-title\">2\u00aa. Edi\u00e7\u00e3o: 2019\/2020 - 5 munic\u00edpios de 3 SP, 1CE e 1PR. (semi presencial e remoto)<\/h3>\n<div class=\"siteorigin-widget-tinymce textwidget\">\n\t<div id=\"attachment_11050\" style=\"width: 499px\" class=\"wp-caption aligncenter\"><img aria-describedby=\"caption-attachment-11050\" loading=\"lazy\" decoding=\"async\" class=\"wp-image-11050 size-full\" src=\"https:\/\/avisala.org.br\/wp-content\/uploads\/2020\/10\/image2.jpg\" alt=\"Semin\u00e1rio Formar DELP Mogi das Cruzes\/SP\" width=\"489\" height=\"275\" srcset=\"https:\/\/avisala.org.br\/wp-content\/uploads\/2020\/10\/image2.jpg 489w, https:\/\/avisala.org.br\/wp-content\/uploads\/2020\/10\/image2-300x169.jpg 300w\" sizes=\"auto, (max-width: 489px) 100vw, 489px\" \/><p id=\"caption-attachment-11050\" class=\"wp-caption-text\">Semin\u00e1rio Formar DELP Mogi das Cruzes\/SP<\/p><\/div>\n<p>Forma\u00e7\u00e3o em did\u00e1tica de leitura e escrita tendo refer\u00eancia as habilidades da BNCC para os 3\u00ba. 4\u00ba. 5\u00ba. anos do Ensino Fundamental das redes p\u00fablicas de Franca, Francisco Morato, Mogi das Cruzes, Aquiraz e Castro.<\/p>\n<\/div>\n<\/div><\/div><\/div><\/div><div id=\"pg-11046-4\"  class=\"panel-grid panel-no-style\" ><div id=\"pgc-11046-4-0\"  class=\"panel-grid-cell\" ><div id=\"panel-11046-4-0-0\" class=\"so-panel widget widget_sow-editor panel-first-child panel-last-child\" data-index=\"7\" ><div\n\t\t\t\n\t\t\tclass=\"so-widget-sow-editor so-widget-sow-editor-base\"\n\t\t\t\n\t\t><h3 class=\"widget-title\">Rodrigo, Formador Local, Franca \/ SP<\/h3>\n<div class=\"siteorigin-widget-tinymce textwidget\">\n\t<blockquote>\n<p>\u201cEstamos muito orgulhosos e realizados com o que temos visto em nossa rede\u201d!<br \/>\nMesmo com tantos feriados neste m\u00eas de novembro aqui em Franca, houve muito esfor\u00e7o dos profissionais e dos meninos para esta etapa t\u00e3o importante que \u00e9 a apresenta\u00e7\u00e3o e a divulga\u00e7\u00e3o do livro.<br \/>\nMuitos depoimentos positivos das professoras que mudaram suas concep\u00e7\u00f5es e viram em n\u00f3s parceiros importantes neste processo. Estamos mudando a nossa rede e queremos avan\u00e7ar ainda mais!\u201d<\/p>\n<\/blockquote>\n<\/div>\n<\/div><\/div><\/div><div id=\"pgc-11046-4-1\"  class=\"panel-grid-cell\" ><div id=\"panel-11046-4-1-0\" class=\"so-panel widget widget_sow-editor panel-first-child panel-last-child\" data-index=\"8\" ><div\n\t\t\t\n\t\t\tclass=\"so-widget-sow-editor so-widget-sow-editor-base\"\n\t\t\t\n\t\t><h3 class=\"widget-title\">Aldemir Cosmo \u2013 professor de Aquiraz\/ CE<\/h3>\n<div class=\"siteorigin-widget-tinymce textwidget\">\n\t<blockquote>\n<p>\u201cEsse curso possibilitou a mim e aos meus alunos um vasto conhecimento sobre detalhes importantes da reescrita, \u00e9 um grande ponta p\u00e9 inicial para orientar os meus alunos no mundo das produ\u00e7\u00f5es textuais.\u201d<\/p>\n<\/blockquote>\n<\/div>\n<\/div><\/div><\/div><div id=\"pgc-11046-4-2\"  class=\"panel-grid-cell\" ><div id=\"panel-11046-4-2-0\" class=\"so-panel widget widget_sow-editor panel-first-child panel-last-child\" data-index=\"9\" ><div\n\t\t\t\n\t\t\tclass=\"so-widget-sow-editor so-widget-sow-editor-base\"\n\t\t\t\n\t\t><h3 class=\"widget-title\">Jovani Ruppel \u2013 CP Castro\/PR<\/h3>\n<div class=\"siteorigin-widget-tinymce textwidget\">\n\t<blockquote>\n<p>\u201cA forma\u00e7\u00e3o DELP tem contribu\u00eddo significativamente com o meu trabalho no cotidiano escolar. Possibilita maior reflex\u00e3o sobre as propostas de trabalho escolhidas em sala de aula.\u201d<\/p>\n<\/blockquote>\n<\/div>\n<\/div><\/div><\/div><\/div><div id=\"pg-11046-5\"  class=\"panel-grid panel-no-style\" ><div id=\"pgc-11046-5-0\"  class=\"panel-grid-cell\" ><div id=\"panel-11046-5-0-0\" class=\"so-panel widget widget_sow-editor panel-first-child\" data-index=\"10\" ><div\n\t\t\t\n\t\t\tclass=\"so-widget-sow-editor so-widget-sow-editor-base\"\n\t\t\t\n\t\t>\n<div class=\"siteorigin-widget-tinymce textwidget\">\n\t<p><img loading=\"lazy\" decoding=\"async\" class=\"size-full wp-image-11060 aligncenter\" src=\"https:\/\/avisala.org.br\/wp-content\/uploads\/2020\/10\/tabela.jpg\" alt=\"\" width=\"700\" height=\"165\" srcset=\"https:\/\/avisala.org.br\/wp-content\/uploads\/2020\/10\/tabela.jpg 700w, https:\/\/avisala.org.br\/wp-content\/uploads\/2020\/10\/tabela-300x71.jpg 300w\" sizes=\"auto, (max-width: 700px) 100vw, 700px\" \/><\/p>\n<\/div>\n<\/div><\/div><div id=\"panel-11046-5-0-1\" class=\"so-panel widget widget_sow-editor panel-last-child\" data-index=\"11\" ><div\n\t\t\t\n\t\t\tclass=\"so-widget-sow-editor so-widget-sow-editor-base\"\n\t\t\t\n\t\t><h3 class=\"widget-title\">3\u00aa. Edi\u00e7\u00e3o \u2013 2020\/2021- 1 rede de MA (remoto)<\/h3>\n<div class=\"siteorigin-widget-tinymce textwidget\">\n\t<div id=\"attachment_11063\" style=\"width: 801px\" class=\"wp-caption aligncenter\"><img aria-describedby=\"caption-attachment-11063\" loading=\"lazy\" decoding=\"async\" class=\"wp-image-11063 size-full\" src=\"https:\/\/avisala.org.br\/wp-content\/uploads\/2020\/10\/image3.jpg\" alt=\"1\u00ba Semin\u00e1rio Municipal Virtual com CPs da rede p\u00fablica\" width=\"791\" height=\"467\" srcset=\"https:\/\/avisala.org.br\/wp-content\/uploads\/2020\/10\/image3.jpg 791w, https:\/\/avisala.org.br\/wp-content\/uploads\/2020\/10\/image3-300x177.jpg 300w, https:\/\/avisala.org.br\/wp-content\/uploads\/2020\/10\/image3-768x453.jpg 768w\" sizes=\"auto, (max-width: 791px) 100vw, 791px\" \/><p id=\"caption-attachment-11063\" class=\"wp-caption-text\">1\u00ba Semin\u00e1rio Municipal Virtual com CPs da rede p\u00fablica<\/p><\/div>\n<p>Forma\u00e7\u00e3o em did\u00e1tica de leitura e escrita tendo refer\u00eancia as habilidades da BNCC para os 3\u00ba. 4\u00ba. 5\u00ba. anos do Ensino Fundamental da rede p\u00fablica de S\u00e3o Lu\u00eds do Maranh\u00e3o<\/p>\n<\/div>\n<\/div><\/div><\/div><\/div><div id=\"pg-11046-6\"  class=\"panel-grid panel-no-style\" ><div id=\"pgc-11046-6-0\"  class=\"panel-grid-cell\" ><div id=\"panel-11046-6-0-0\" class=\"so-panel widget widget_sow-editor panel-first-child\" data-index=\"12\" ><div\n\t\t\t\n\t\t\tclass=\"so-widget-sow-editor so-widget-sow-editor-base\"\n\t\t\t\n\t\t><h3 class=\"widget-title\">Sequ\u00eancias did\u00e1ticas de Curta Dura\u00e7\u00e3o<\/h3>\n<div class=\"siteorigin-widget-tinymce textwidget\">\n\t<p><img loading=\"lazy\" decoding=\"async\" class=\"size-large wp-image-11072 aligncenter\" src=\"https:\/\/avisala.org.br\/wp-content\/uploads\/2020\/10\/image5-1024x576.jpg\" alt=\"\" width=\"720\" height=\"405\" srcset=\"https:\/\/avisala.org.br\/wp-content\/uploads\/2020\/10\/image5-1024x576.jpg 1024w, https:\/\/avisala.org.br\/wp-content\/uploads\/2020\/10\/image5-300x169.jpg 300w, https:\/\/avisala.org.br\/wp-content\/uploads\/2020\/10\/image5-768x432.jpg 768w, https:\/\/avisala.org.br\/wp-content\/uploads\/2020\/10\/image5-1536x864.jpg 1536w, https:\/\/avisala.org.br\/wp-content\/uploads\/2020\/10\/image5.jpg 2000w\" sizes=\"auto, (max-width: 720px) 100vw, 720px\" \/><\/p>\n<p><img loading=\"lazy\" decoding=\"async\" class=\"wp-image-11073 aligncenter\" src=\"https:\/\/avisala.org.br\/wp-content\/uploads\/2020\/10\/image6.png\" alt=\"\" width=\"721\" height=\"467\" srcset=\"https:\/\/avisala.org.br\/wp-content\/uploads\/2020\/10\/image6.png 998w, https:\/\/avisala.org.br\/wp-content\/uploads\/2020\/10\/image6-300x194.png 300w, https:\/\/avisala.org.br\/wp-content\/uploads\/2020\/10\/image6-768x498.png 768w\" sizes=\"auto, (max-width: 721px) 100vw, 721px\" \/><\/p>\n<p><img loading=\"lazy\" decoding=\"async\" class=\" wp-image-11074 aligncenter\" src=\"https:\/\/avisala.org.br\/wp-content\/uploads\/2020\/10\/image7.png\" alt=\"\" width=\"707\" height=\"458\" srcset=\"https:\/\/avisala.org.br\/wp-content\/uploads\/2020\/10\/image7.png 836w, https:\/\/avisala.org.br\/wp-content\/uploads\/2020\/10\/image7-300x194.png 300w, https:\/\/avisala.org.br\/wp-content\/uploads\/2020\/10\/image7-768x498.png 768w\" sizes=\"auto, (max-width: 707px) 100vw, 707px\" \/><\/p>\n<p><img loading=\"lazy\" decoding=\"async\" class=\"size-full wp-image-11075 aligncenter\" src=\"https:\/\/avisala.org.br\/wp-content\/uploads\/2020\/10\/image8.png\" alt=\"\" width=\"827\" height=\"652\" srcset=\"https:\/\/avisala.org.br\/wp-content\/uploads\/2020\/10\/image8.png 827w, https:\/\/avisala.org.br\/wp-content\/uploads\/2020\/10\/image8-300x237.png 300w, https:\/\/avisala.org.br\/wp-content\/uploads\/2020\/10\/image8-768x605.png 768w\" sizes=\"auto, (max-width: 827px) 100vw, 827px\" \/><\/p>\n<p><img loading=\"lazy\" decoding=\"async\" class=\"size-full wp-image-11077 aligncenter\" src=\"https:\/\/avisala.org.br\/wp-content\/uploads\/2020\/10\/image9.png\" alt=\"\" width=\"700\" height=\"309\" srcset=\"https:\/\/avisala.org.br\/wp-content\/uploads\/2020\/10\/image9.png 700w, https:\/\/avisala.org.br\/wp-content\/uploads\/2020\/10\/image9-300x132.png 300w\" sizes=\"auto, (max-width: 700px) 100vw, 700px\" \/><\/p>\n<h3>Clique aqui para acessar:<\/h3>\n<h3>1. <a href=\"https:\/\/www.flipsnack.com\/8D9D9ADEFB5\/adivinhe-se-puder-qual-parlenda-essa.html\">Parlendas<\/a><\/h3>\n<h3>2. <a href=\"https:\/\/www.flipsnack.com\/xistoc\/animais-da-mata-atl-ntica_material-dos-estudantes.html\">Animais da Mata Atl\u00e2ntica<\/a><\/h3>\n<h3>3. <a href=\"https:\/\/www.flipsnack.com\/ticsnow\/sd-indicar-leituras-para-conquistar-leitores.html\">Indica\u00e7\u00f5es liter\u00e1rias<\/a> | <a href=\"https:\/\/vimeo.com\/481380883\/6b8e42b958\">V\u00eddeo - Castro 2020<\/a><\/h3>\n<\/div>\n<\/div><\/div><div id=\"panel-11046-6-0-1\" class=\"so-panel widget widget_sow-editor panel-last-child\" data-index=\"13\" ><div\n\t\t\t\n\t\t\tclass=\"so-widget-sow-editor so-widget-sow-editor-base\"\n\t\t\t\n\t\t><h3 class=\"widget-title\">Mural e depoimentos<\/h3>\n<div class=\"siteorigin-widget-tinymce textwidget\">\n\t\n\t\t<style type=\"text\/css\">\n\t\t\t#gallery-1 {\n\t\t\t\tmargin: auto;\n\t\t\t}\n\t\t\t#gallery-1 .gallery-item {\n\t\t\t\tfloat: left;\n\t\t\t\tmargin-top: 10px;\n\t\t\t\ttext-align: center;\n\t\t\t\twidth: 25%;\n\t\t\t}\n\t\t\t#gallery-1 img {\n\t\t\t\tborder: 2px solid #cfcfcf;\n\t\t\t}\n\t\t\t#gallery-1 .gallery-caption {\n\t\t\t\tmargin-left: 0;\n\t\t\t}\n\t\t\t\/* see gallery_shortcode() in wp-includes\/media.php *\/\n\t\t<\/style>\n\t\t<div id='gallery-1' class='gallery galleryid-11046 gallery-columns-4 gallery-size-thumbnail'><dl class='gallery-item'>\n\t\t\t<dt class='gallery-icon portrait'>\n\t\t\t\t<a href='https:\/\/avisala.org.br\/wp-content\/uploads\/2020\/10\/image12.jpg'><img loading=\"lazy\" decoding=\"async\" width=\"150\" height=\"150\" src=\"https:\/\/avisala.org.br\/wp-content\/uploads\/2020\/10\/image12-150x150.jpg\" class=\"attachment-thumbnail size-thumbnail\" alt=\"\" srcset=\"https:\/\/avisala.org.br\/wp-content\/uploads\/2020\/10\/image12-150x150.jpg 150w, https:\/\/avisala.org.br\/wp-content\/uploads\/2020\/10\/image12-300x300.jpg 300w, https:\/\/avisala.org.br\/wp-content\/uploads\/2020\/10\/image12-500x500.jpg 500w, https:\/\/avisala.org.br\/wp-content\/uploads\/2020\/10\/image12.jpg 629w\" sizes=\"auto, (max-width: 150px) 100vw, 150px\" \/><\/a>\n\t\t\t<\/dt><\/dl><dl class='gallery-item'>\n\t\t\t<dt class='gallery-icon portrait'>\n\t\t\t\t<a href='https:\/\/avisala.org.br\/wp-content\/uploads\/2020\/10\/image13.jpg'><img loading=\"lazy\" decoding=\"async\" width=\"150\" height=\"150\" src=\"https:\/\/avisala.org.br\/wp-content\/uploads\/2020\/10\/image13-150x150.jpg\" class=\"attachment-thumbnail size-thumbnail\" alt=\"\" srcset=\"https:\/\/avisala.org.br\/wp-content\/uploads\/2020\/10\/image13-150x150.jpg 150w, https:\/\/avisala.org.br\/wp-content\/uploads\/2020\/10\/image13-298x300.jpg 298w, https:\/\/avisala.org.br\/wp-content\/uploads\/2020\/10\/image13-500x500.jpg 500w, https:\/\/avisala.org.br\/wp-content\/uploads\/2020\/10\/image13.jpg 629w\" sizes=\"auto, (max-width: 150px) 100vw, 150px\" \/><\/a>\n\t\t\t<\/dt><\/dl><dl class='gallery-item'>\n\t\t\t<dt class='gallery-icon portrait'>\n\t\t\t\t<a href='https:\/\/avisala.org.br\/wp-content\/uploads\/2020\/10\/image10.jpg'><img loading=\"lazy\" decoding=\"async\" width=\"150\" height=\"150\" src=\"https:\/\/avisala.org.br\/wp-content\/uploads\/2020\/10\/image10-150x150.jpg\" class=\"attachment-thumbnail size-thumbnail\" alt=\"\" srcset=\"https:\/\/avisala.org.br\/wp-content\/uploads\/2020\/10\/image10-150x150.jpg 150w, https:\/\/avisala.org.br\/wp-content\/uploads\/2020\/10\/image10-500x500.jpg 500w, https:\/\/avisala.org.br\/wp-content\/uploads\/2020\/10\/image10.jpg 628w\" sizes=\"auto, (max-width: 150px) 100vw, 150px\" \/><\/a>\n\t\t\t<\/dt><\/dl><dl class='gallery-item'>\n\t\t\t<dt class='gallery-icon portrait'>\n\t\t\t\t<a href='https:\/\/avisala.org.br\/wp-content\/uploads\/2020\/10\/image11.jpg'><img loading=\"lazy\" decoding=\"async\" width=\"150\" height=\"150\" src=\"https:\/\/avisala.org.br\/wp-content\/uploads\/2020\/10\/image11-150x150.jpg\" class=\"attachment-thumbnail size-thumbnail\" alt=\"\" \/><\/a>\n\t\t\t<\/dt><\/dl><br style=\"clear: both\" \/>\n\t\t<\/div>\n\n<\/div>\n<\/div><\/div><\/div><\/div><div id=\"pg-11046-7\"  class=\"panel-grid panel-no-style\" ><div id=\"pgc-11046-7-0\"  class=\"panel-grid-cell panel-grid-cell-empty\" ><\/div><\/div><\/div>","protected":false},"excerpt":{"rendered":"<p>O Formar DELP \u00e9 um programa de forma\u00e7\u00e3o nas did\u00e1ticas espec\u00edficas de L\u00edngua Portuguesa destinado, principalmente, para as turmas de 3\u00ba.s a 5\u00ba.s anos de escolas p\u00fablicas de ensino. \u00c9 desenvolvido tecnicamente pela equipe do Instituto Avisa L\u00e1 desde 2018, em parceria com redes municipais do Programa Formar desenvolvido pela Funda\u00e7\u00e3o Lemann. No per\u00edodo de [&hellip;]<\/p>\n","protected":false},"author":1,"featured_media":0,"parent":0,"menu_order":0,"comment_status":"closed","ping_status":"closed","template":"templates\/template-full.php","meta":{"footnotes":""},"class_list":["post-11046","page","type-page","status-publish","hentry","post"],"_links":{"self":[{"href":"https:\/\/avisala.org.br\/index.php\/wp-json\/wp\/v2\/pages\/11046","targetHints":{"allow":["GET"]}}],"collection":[{"href":"https:\/\/avisala.org.br\/index.php\/wp-json\/wp\/v2\/pages"}],"about":[{"href":"https:\/\/avisala.org.br\/index.php\/wp-json\/wp\/v2\/types\/page"}],"author":[{"embeddable":true,"href":"https:\/\/avisala.org.br\/index.php\/wp-json\/wp\/v2\/users\/1"}],"replies":[{"embeddable":true,"href":"https:\/\/avisala.org.br\/index.php\/wp-json\/wp\/v2\/comments?post=11046"}],"version-history":[{"count":1,"href":"https:\/\/avisala.org.br\/index.php\/wp-json\/wp\/v2\/pages\/11046\/revisions"}],"predecessor-version":[{"id":16176,"href":"https:\/\/avisala.org.br\/index.php\/wp-json\/wp\/v2\/pages\/11046\/revisions\/16176"}],"wp:attachment":[{"href":"https:\/\/avisala.org.br\/index.php\/wp-json\/wp\/v2\/media?parent=11046"}],"curies":[{"name":"wp","href":"https:\/\/api.w.org\/{rel}","templated":true}]}}