{"id":10878,"date":"2020-07-24T12:39:00","date_gmt":"2020-07-24T15:39:00","guid":{"rendered":"https:\/\/avisala.org.br\/?page_id=10878"},"modified":"2023-11-10T09:34:51","modified_gmt":"2023-11-10T12:34:51","slug":"aprender-juntos","status":"publish","type":"page","link":"https:\/\/avisala.org.br\/index.php\/aprender-juntos\/","title":{"rendered":"Aprender Juntos"},"content":{"rendered":"\n<div class=\"wp-block-columns is-layout-flex wp-container-core-columns-is-layout-9d6595d7 wp-block-columns-is-layout-flex\">\n<div class=\"wp-block-column is-layout-flow wp-block-column-is-layout-flow\" style=\"flex-basis:50%\">\n<figure class=\"wp-block-image size-large is-resized\"><img loading=\"lazy\" decoding=\"async\" src=\"https:\/\/avisala.org.br\/wp-content\/uploads\/2020\/07\/universo-f.jpg\" alt=\"\" class=\"wp-image-10880\" width=\"291\" height=\"56\" srcset=\"https:\/\/avisala.org.br\/wp-content\/uploads\/2020\/07\/universo-f.jpg 582w, https:\/\/avisala.org.br\/wp-content\/uploads\/2020\/07\/universo-f-300x58.jpg 300w\" sizes=\"auto, (max-width: 291px) 100vw, 291px\" \/><\/figure>\n\n\n\n<p><a href=\"https:\/\/avisala.org.br\/wp-content\/uploads\/2020\/07\/Universo-das-Palavras-Conta\u00e7\u00e3o-de-hist\u00f3rias-F.pdf\">Conta\u00e7\u00e3o de hist\u00f3rias<br><\/a><a href=\"https:\/\/avisala.org.br\/wp-content\/uploads\/2020\/07\/Universo-das-Palavras-Brincadeiras-cantadas-e-a-escrita-F.pdf\">Brincadeiras cantadas e a escrita<br><\/a><a href=\"https:\/\/avisala.org.br\/wp-content\/uploads\/2020\/07\/Universo-das-Palavras-Meu-Nome-F.pdf\">Meu nome<br><\/a><a href=\"https:\/\/avisala.org.br\/wp-content\/uploads\/2020\/07\/Universo-das-Palavras-Leitura-para-crian\u00e7as-F.pdf\">Leitura para crian\u00e7as<br><\/a><a href=\"https:\/\/avisala.org.br\/wp-content\/uploads\/2020\/07\/Universo-das-Palavras-Leitura-para-beb\u00eas-e-os-bem-pequenos-F.pdf\">Leitura para beb\u00eas e os bem pequenos<br><\/a><a href=\"https:\/\/avisala.org.br\/wp-content\/uploads\/2020\/07\/Universo-das-Palavras-Conversa-sobre-um-livro-lido-F.pdf\">Conversa sobre um livro lido<\/a><\/p>\n\n\n\n<figure class=\"wp-block-image size-large is-resized\"><img loading=\"lazy\" decoding=\"async\" src=\"https:\/\/avisala.org.br\/wp-content\/uploads\/2020\/07\/saude-f.jpg\" alt=\"\" class=\"wp-image-10885\" width=\"255\" height=\"55\" srcset=\"https:\/\/avisala.org.br\/wp-content\/uploads\/2020\/07\/saude-f.jpg 510w, https:\/\/avisala.org.br\/wp-content\/uploads\/2020\/07\/saude-f-300x64.jpg 300w, https:\/\/avisala.org.br\/wp-content\/uploads\/2020\/07\/saude-f-500x109.jpg 500w\" sizes=\"auto, (max-width: 255px) 100vw, 255px\" \/><\/figure>\n\n\n\n<p><a href=\"https:\/\/avisala.org.br\/wp-content\/uploads\/2020\/07\/Sa\u00fade-desde-sempre-Comer-\u00e9-cultural-F.pdf\">Comer \u00e9 cultural<br><\/a><a href=\"https:\/\/avisala.org.br\/wp-content\/uploads\/2020\/07\/Sa\u00fade-desde-sempre-\u00c1gua-\u00e9-vida-F.pdf\">\u00c1gua \u00e9 vida<br><\/a><a href=\"https:\/\/avisala.org.br\/wp-content\/uploads\/2020\/07\/Sa\u00fade-desde-sempre-Uma-m\u00e3o-lava-a-outra-F.pdf\">Uma m\u00e3o lava a outra<br><\/a><a href=\"https:\/\/avisala.org.br\/wp-content\/uploads\/2020\/07\/Sa\u00fade-desde-sempre-Do-meu-nariz-cuido-eu-F.pdf\">Do meu nariz cuido eu<\/a><\/p>\n\n\n\n<figure class=\"wp-block-image size-large is-resized\"><img loading=\"lazy\" decoding=\"async\" src=\"https:\/\/avisala.org.br\/wp-content\/uploads\/2020\/07\/explorar-e-criar-F.jpg\" alt=\"\" class=\"wp-image-10883\" width=\"259\" height=\"63\" srcset=\"https:\/\/avisala.org.br\/wp-content\/uploads\/2020\/07\/explorar-e-criar-F.jpg 345w, https:\/\/avisala.org.br\/wp-content\/uploads\/2020\/07\/explorar-e-criar-F-300x73.jpg 300w\" sizes=\"auto, (max-width: 259px) 100vw, 259px\" \/><\/figure>\n\n\n\n<p><a href=\"https:\/\/avisala.org.br\/wp-content\/uploads\/2020\/07\/Explorar-e-Criar-Experi\u00eancia-Criativa-F.pdf\">Experi\u00eancia criativa<br><\/a><a href=\"https:\/\/avisala.org.br\/wp-content\/uploads\/2020\/07\/Explorar-e-Criar-Movimento-com-Cantigas-F.pdf\">Movimento com cantigas<br><\/a><a href=\"https:\/\/avisala.org.br\/wp-content\/uploads\/2020\/07\/Explorar-e-Criar-Cantar-e-se-movimentar-F.pdf\">Cantar e se movimentar<br><\/a><a href=\"https:\/\/avisala.org.br\/wp-content\/uploads\/2020\/07\/Explorar-e-Criar-Materiais-Diversos-F.pdf\">Materiais diversos<br><\/a><a href=\"https:\/\/avisala.org.br\/wp-content\/uploads\/2020\/07\/Explorar-e-criar-Desenhado-F.pdf\">Desenhando<\/a><\/p>\n\n\n\n<figure class=\"wp-block-image size-large is-resized\"><img loading=\"lazy\" decoding=\"async\" src=\"https:\/\/avisala.org.br\/wp-content\/uploads\/2020\/07\/brincar-de-tudo-f.jpg\" alt=\"\" class=\"wp-image-10895\" width=\"218\" height=\"54\" srcset=\"https:\/\/avisala.org.br\/wp-content\/uploads\/2020\/07\/brincar-de-tudo-f.jpg 436w, https:\/\/avisala.org.br\/wp-content\/uploads\/2020\/07\/brincar-de-tudo-f-300x74.jpg 300w\" sizes=\"auto, (max-width: 218px) 100vw, 218px\" \/><\/figure>\n\n\n\n<p><a href=\"https:\/\/avisala.org.br\/wp-content\/uploads\/2020\/07\/Brincar-de-Tudo-Brinquedos-Culturais-F.pdf\">Brincar de Tudo<br><\/a><a href=\"https:\/\/avisala.org.br\/wp-content\/uploads\/2020\/07\/Brincar-de-tudo-Brincar-de-cuidar-F.pdf\">Brincar de cuidar<br><\/a><a href=\"https:\/\/avisala.org.br\/wp-content\/uploads\/2020\/07\/Brincar-de-Tudo-Objetos-Diferentes-P.pdf\">Objetos Diferentes<br><\/a><a href=\"https:\/\/avisala.org.br\/wp-content\/uploads\/2020\/07\/Brincar-de-Tudo-Objetos-Cotidianos-F.pdf\">Objetos Cotidianos<br><\/a><a href=\"https:\/\/avisala.org.br\/wp-content\/uploads\/2020\/07\/Brincar-de-Tudo-Jogo-da-Imita\u00e7\u00e3o-F.pdf\">Jogo da Imita\u00e7\u00e3o<\/a><\/p>\n<\/div>\n\n\n\n<div class=\"wp-block-column is-layout-flow wp-block-column-is-layout-flow\">\n<figure class=\"wp-block-image size-large is-resized\"><img loading=\"lazy\" decoding=\"async\" src=\"https:\/\/avisala.org.br\/wp-content\/uploads\/2020\/07\/universo-p.jpg\" alt=\"\" class=\"wp-image-10882\" width=\"451\" height=\"58\" srcset=\"https:\/\/avisala.org.br\/wp-content\/uploads\/2020\/07\/universo-p.jpg 901w, https:\/\/avisala.org.br\/wp-content\/uploads\/2020\/07\/universo-p-300x39.jpg 300w, https:\/\/avisala.org.br\/wp-content\/uploads\/2020\/07\/universo-p-768x99.jpg 768w\" sizes=\"auto, (max-width: 451px) 100vw, 451px\" \/><\/figure>\n\n\n\n<p><a href=\"https:\/\/avisala.org.br\/wp-content\/uploads\/2020\/07\/Universo-das-Palavras-Conta\u00e7\u00e3o-de-hist\u00f3rias-P.pdf\">Conta\u00e7\u00e3o de hist\u00f3rias<br><\/a><a href=\"https:\/\/avisala.org.br\/wp-content\/uploads\/2020\/07\/Universo-das-Palavras-Brincadeiras-cantadas-e-a-escrita-P.pdf\">Brincadeiras cantadas e a escrita<br><\/a><a href=\"https:\/\/avisala.org.br\/wp-content\/uploads\/2020\/07\/Universo-das-Palavras-Meu-Nome-P.pdf\">Meu nome<br><\/a><a href=\"https:\/\/avisala.org.br\/wp-content\/uploads\/2020\/07\/Universo-das-Palavras-Leitura-para-crian\u00e7as-P.pdf\">Leitura para crian\u00e7as<br><\/a><a href=\"https:\/\/avisala.org.br\/wp-content\/uploads\/2020\/07\/Universo-das-Palavras-Leitura-para-beb\u00eas-e-os-bem-pequenos-P.pdf\">Leitura para beb\u00eas e os bem pequenos<br><\/a><a href=\"https:\/\/avisala.org.br\/wp-content\/uploads\/2020\/07\/Universo-das-Palavras-Conversa-sobre-um-livro-lido-P.pdf\">Conversa sobre um livro lido<\/a><\/p>\n\n\n\n<figure class=\"wp-block-image size-large is-resized\"><img loading=\"lazy\" decoding=\"async\" src=\"https:\/\/avisala.org.br\/wp-content\/uploads\/2020\/07\/saude-p.jpg\" alt=\"\" class=\"wp-image-10881\" width=\"453\" height=\"56\" srcset=\"https:\/\/avisala.org.br\/wp-content\/uploads\/2020\/07\/saude-p.jpg 905w, https:\/\/avisala.org.br\/wp-content\/uploads\/2020\/07\/saude-p-300x37.jpg 300w, https:\/\/avisala.org.br\/wp-content\/uploads\/2020\/07\/saude-p-768x95.jpg 768w\" sizes=\"auto, (max-width: 453px) 100vw, 453px\" \/><\/figure>\n\n\n\n<p><a href=\"https:\/\/avisala.org.br\/wp-content\/uploads\/2020\/07\/Sa\u00fade-desde-sempre-Comer-\u00e9-cultural-P.pdf\">Comer \u00e9 cultural<br><\/a><a href=\"https:\/\/avisala.org.br\/wp-content\/uploads\/2020\/07\/Sa\u00fade-desde-sempre-\u00c1gua-\u00e9-vida-P.pdf\">\u00c1gua \u00e9 vida<br><\/a><a href=\"https:\/\/avisala.org.br\/wp-content\/uploads\/2020\/07\/Sa\u00fade-desde-sempre-Uma-m\u00e3o-lava-a-outra-P.pdf\">Uma m\u00e3o lava a outra<br><\/a><a href=\"https:\/\/avisala.org.br\/wp-content\/uploads\/2020\/07\/Sa\u00fade-desde-sempre-Do-meu-nariz-cuido-eu-P.pdf\">Do meu nariz cuido eu<\/a><\/p>\n\n\n\n<figure class=\"wp-block-image size-large is-resized\"><img loading=\"lazy\" decoding=\"async\" src=\"https:\/\/avisala.org.br\/wp-content\/uploads\/2020\/07\/explorar-e-criar-P.jpg\" alt=\"\" class=\"wp-image-10884\" width=\"455\" height=\"59\" srcset=\"https:\/\/avisala.org.br\/wp-content\/uploads\/2020\/07\/explorar-e-criar-P.jpg 910w, https:\/\/avisala.org.br\/wp-content\/uploads\/2020\/07\/explorar-e-criar-P-300x39.jpg 300w, https:\/\/avisala.org.br\/wp-content\/uploads\/2020\/07\/explorar-e-criar-P-768x100.jpg 768w\" sizes=\"auto, (max-width: 455px) 100vw, 455px\" \/><\/figure>\n\n\n\n<p><a href=\"https:\/\/avisala.org.br\/wp-content\/uploads\/2020\/07\/Explorar-e-Criar-Experi\u00eancia-Criativa-P.pdf\">Experi\u00eancia criativa<br><\/a><a href=\"https:\/\/avisala.org.br\/wp-content\/uploads\/2020\/07\/Explorar-e-Criar-Movimento-com-Cantigas-P.pdf\">Movimento com cantigas<br><\/a><a href=\"https:\/\/avisala.org.br\/wp-content\/uploads\/2020\/07\/Explorar-e-Criar-Cantar-e-se-movimentar-P.pdf\">Cantar e se movimentar<br><\/a><a href=\"https:\/\/avisala.org.br\/wp-content\/uploads\/2020\/07\/Explorar-e-Criar-Materiais-Diversos-P.pdf\">Materiais diversos<br><\/a><a href=\"https:\/\/avisala.org.br\/wp-content\/uploads\/2020\/07\/Explorar-e-criar-Desenhando-P.pdf\">Desenhando<\/a><\/p>\n\n\n\n<figure class=\"wp-block-image size-large is-resized\"><img loading=\"lazy\" decoding=\"async\" src=\"https:\/\/avisala.org.br\/wp-content\/uploads\/2020\/07\/brincar-de-tudo-p.jpg\" alt=\"\" class=\"wp-image-10896\" width=\"452\" height=\"55\" srcset=\"https:\/\/avisala.org.br\/wp-content\/uploads\/2020\/07\/brincar-de-tudo-p.jpg 904w, https:\/\/avisala.org.br\/wp-content\/uploads\/2020\/07\/brincar-de-tudo-p-300x36.jpg 300w, https:\/\/avisala.org.br\/wp-content\/uploads\/2020\/07\/brincar-de-tudo-p-768x93.jpg 768w\" sizes=\"auto, (max-width: 452px) 100vw, 452px\" \/><\/figure>\n\n\n\n<p><a href=\"https:\/\/avisala.org.br\/wp-content\/uploads\/2020\/07\/Brincar-de-Tudo-Brinquedos-Culturais-P.pdf\">Brincar de Tudo<br><\/a><a href=\"https:\/\/avisala.org.br\/wp-content\/uploads\/2020\/07\/Brincar-de-tudo-Brincar-de-cuidar-P.pdf\">Brincar de cuidar<br><\/a><a href=\"https:\/\/avisala.org.br\/wp-content\/uploads\/2020\/07\/Brincar-de-Tudo-Objetos-Diferentes-F.pdf\">Objetos Diferentes<br><\/a><a href=\"https:\/\/avisala.org.br\/wp-content\/uploads\/2020\/07\/Brincar-de-Tudo-Objetos-Cotidianos-P.pdf\">Objetos Cotidianos<br><\/a><a href=\"https:\/\/avisala.org.br\/wp-content\/uploads\/2020\/07\/Brincar-de-Tudo-Jogo-da-Imita\u00e7\u00e3o-P.pdf\">Jogo da Imita\u00e7\u00e3o<\/a><\/p>\n<\/div>\n<\/div>\n\n\n\n<hr class=\"wp-block-separator is-style-dots\"\/>\n\n\n\n<div class=\"wp-block-image\"><figure class=\"aligncenter size-large\"><a href=\"https:\/\/www.itausocial.org.br\/\"><img loading=\"lazy\" decoding=\"async\" width=\"321\" height=\"157\" src=\"https:\/\/avisala.org.br\/wp-content\/uploads\/2020\/07\/ITAU-SOCIAL.png\" alt=\"\" class=\"wp-image-10904\" srcset=\"https:\/\/avisala.org.br\/wp-content\/uploads\/2020\/07\/ITAU-SOCIAL.png 321w, https:\/\/avisala.org.br\/wp-content\/uploads\/2020\/07\/ITAU-SOCIAL-300x147.png 300w\" sizes=\"auto, (max-width: 321px) 100vw, 321px\" \/><\/a><\/figure><\/div>\n","protected":false},"excerpt":{"rendered":"<p>Conta\u00e7\u00e3o de hist\u00f3riasBrincadeiras cantadas e a escritaMeu nomeLeitura para crian\u00e7asLeitura para beb\u00eas e os bem pequenosConversa sobre um livro lido Comer \u00e9 cultural\u00c1gua \u00e9 vidaUma m\u00e3o lava a outraDo meu nariz cuido eu Experi\u00eancia criativaMovimento com cantigasCantar e se movimentarMateriais diversosDesenhando Brincar de TudoBrincar de cuidarObjetos DiferentesObjetos CotidianosJogo da Imita\u00e7\u00e3o Conta\u00e7\u00e3o de hist\u00f3riasBrincadeiras cantadas e [&hellip;]<\/p>\n","protected":false},"author":1,"featured_media":0,"parent":0,"menu_order":0,"comment_status":"closed","ping_status":"closed","template":"","meta":{"footnotes":""},"class_list":["post-10878","page","type-page","status-publish","hentry","post"],"_links":{"self":[{"href":"https:\/\/avisala.org.br\/index.php\/wp-json\/wp\/v2\/pages\/10878","targetHints":{"allow":["GET"]}}],"collection":[{"href":"https:\/\/avisala.org.br\/index.php\/wp-json\/wp\/v2\/pages"}],"about":[{"href":"https:\/\/avisala.org.br\/index.php\/wp-json\/wp\/v2\/types\/page"}],"author":[{"embeddable":true,"href":"https:\/\/avisala.org.br\/index.php\/wp-json\/wp\/v2\/users\/1"}],"replies":[{"embeddable":true,"href":"https:\/\/avisala.org.br\/index.php\/wp-json\/wp\/v2\/comments?post=10878"}],"version-history":[{"count":1,"href":"https:\/\/avisala.org.br\/index.php\/wp-json\/wp\/v2\/pages\/10878\/revisions"}],"predecessor-version":[{"id":16175,"href":"https:\/\/avisala.org.br\/index.php\/wp-json\/wp\/v2\/pages\/10878\/revisions\/16175"}],"wp:attachment":[{"href":"https:\/\/avisala.org.br\/index.php\/wp-json\/wp\/v2\/media?parent=10878"}],"curies":[{"name":"wp","href":"https:\/\/api.w.org\/{rel}","templated":true}]}}